{"id":18,"date":"2015-02-19T11:04:43","date_gmt":"2015-02-19T10:04:43","guid":{"rendered":"http:\/\/www.hotel-saintesuzanne-lourdes.com\/fr\/?page_id=18"},"modified":"2021-03-08T13:53:43","modified_gmt":"2021-03-08T12:53:43","slug":"tourisme-a-lourdes","status":"publish","type":"page","link":"https:\/\/www.hotel-saintesuzanne-lourdes.com\/fr\/tourisme-a-lourdes\/","title":{"rendered":"Tourisme \u00e0 Lourdes"},"content":{"rendered":"<section class=\"av_textblock_section \"  itemscope=\"itemscope\" itemtype=\"https:\/\/schema.org\/CreativeWork\" ><div class='avia_textblock  '   itemprop=\"text\" ><h2>Tourisme \u00e0 Lourdes :<\/h2>\n<p style=\"text-align: justify;\">La majorit\u00e9 de notre client\u00e8le vient \u00e0 Lourdes pour aller prier \u00e0 la Grotte et aux Sanctuaires. Lourdes est un centre de p\u00e8lerinage international. Il y a encore beaucoup de lieux \u00e0 visiter \u00e0 Lourdes et autour de Lourdes. Lourdes est situ\u00e9e aux portes des Pyr\u00e9n\u00e9es avec les sites prestigieux que sont le Pic du Midi, le Cirque de Gavarnie, Cauterets et le Pont d\u2019Espagne ainsi que le Parc National des Pyr\u00e9n\u00e9es. Pour les P\u00e8lerins ou les accompagnants, voici une liste (non exhaustive ) des lieux \u00e0 voir et des liens \u00e0 parcourir pour plus d&rsquo;informations.<\/p>\n<h3>Les activit\u00e9s ou visites proches de l&rsquo;h\u00f4tel et dans les environs :<\/h3>\n<p>Apr\u00e8s les incontournables Ch\u00e2teau Fort et le Lac de Lourdes, le Pic du Jer et son funiculaire :<\/p>\n<ul>\n<li>Le <a title=\"Pic du Midi\" href=\"http:\/\/www.picdumidi.com\/\" target=\"_blank\" rel=\"noopener\">Pic du Midi de Bigorre<\/a> \u00e0 2877m d\u2019altitude avec ses terrasses panoramiques et son espace mus\u00e9ographique<\/li>\n<li>Le <a title=\"Pont d'Espagne, Cauterets\" href=\"http:\/\/www.cauterets.com\/en-ete\/pont-despagne\/\" target=\"_blank\" rel=\"noopener\">Pont d\u2019Espagne<\/a> au c\u0153ur du Parc National des Pyr\u00e9n\u00e9es o\u00f9 vous pourrez contempler une faune et une flore exceptionnelles avec le lac de Gaube situ\u00e9 plus haut, et qui compte parmi les sites les plus pris\u00e9s du <a title=\"Parc Naturel des Pyr\u00e9n\u00e9es\" href=\"http:\/\/www.parc-pyrenees.com\" target=\"_blank\" rel=\"noopener\">Parc National des Pyr\u00e9n\u00e9es<\/a>.<\/li>\n<li>Le <a title=\"Cirque de gavarnie\" href=\"http:\/\/ete.gavarnie.com\/\" target=\"_blank\" rel=\"noopener\">Cirque de Gavarnie<\/a>, ouvrage naturel colossal.<\/li>\n<li>L&rsquo;<a title=\"Abbaye de l'Escaladieu\" href=\"http:\/\/www.abbaye-escaladieu.com\/\" target=\"_blank\" rel=\"noopener\">Abbaye cistercienne de l&rsquo;Escaladieu<\/a>. La magie du lieu et la puret\u00e9 de l\u2019architecture sont une invitation \u00e0 la s\u00e9r\u00e9nit\u00e9 et au voyage<\/li>\n<li>Le <a title=\"Parc animalier\" href=\"http:\/\/www.parc-animalier-pyrenees.com\/\" target=\"_blank\" rel=\"noopener\">Parc animalier des Pyr\u00e9n\u00e9es<\/a> \u00e0 Argel\u00e8s-Gazost vous invite \u00e0 la rencontre d\u2019une centaine d\u2019esp\u00e8ces de mammif\u00e8res et d\u2019oiseaux d\u2019Europe, dont certains sont pour vous peut \u00eatre inconnus.<\/li>\n<li>Les <a title=\"Grottes de B\u00e9tharram\" href=\"http:\/\/www.betharram.com\/\" target=\"_blank\" rel=\"noopener\">Grottes de B\u00e9tharram<\/a> et son petit train ou les <a title=\"Grottes de M\u00e9dous\" href=\"http:\/\/www.grottes-medous.com\/\" target=\"_blank\" rel=\"noopener\">Grottes de M\u00e9dous<\/a> qui furent jusqu\u2019\u00e0 la fin du XVIII si\u00e8cle un lieu de p\u00e8lerinage suite \u00e0 l\u2019apparition de la Vierge Marie \u00e0 une petite berg\u00e8re pr\u00e9nomm\u00e9e Liloye.<\/li>\n<li>Le <a title=\"Donjon des Aigles\" href=\"http:\/\/www.donjon-des-aigles.com\/\" target=\"_blank\" rel=\"noopener\">Donjon des Aigles<\/a> : Le ch\u00e2teau de Beaucens abrite une des plus prestigieuses collections de rapaces : Milans, Vautours, Aigles, Pygargues, Faucons et Buses c\u00f4toient les Perroquets en \u00e9t\u00e9.<\/li>\n<li>LA <a title=\"Voie verte des Gaves\" href=\"http:\/\/www.argeles-gazost.com\/bouger\/itineraires-de-decouverte\/a-pied\/entry-115371-la-voie-verte-des-gaves.html\" target=\"_blank\" rel=\"noopener\">VOIE VERTE DES GAVES<\/a> : A pied ou \u00e0 v\u00e9lo , d\u00e9couvrez \u00e0 votre rythme l&rsquo;une des plus belles vall\u00e9es des Pyr\u00e9n\u00e9es.<\/li>\n<\/ul>\n<\/div><\/section>\n<div id='av-masonry-1' class='av-masonry  noHover av-fixed-size av-large-gap av-hover-overlay- av-masonry-animation-active av-masonry-col-flexible av-caption-always av-caption-style- av-masonry-gallery     '  ><div class='av-masonry-container isotope av-js-disabled ' ><div class='av-masonry-entry isotope-item av-masonry-item-no-image '><\/div><a href=\"https:\/\/www.hotel-saintesuzanne-lourdes.com\/fr\/wp-content\/uploads\/2015\/03\/tourisme3.jpg\" id='av-masonry-1-item-212' data-av-masonry-item='212' class='av-masonry-entry isotope-item post-212 attachment type-attachment status-inherit hentry  av-masonry-item-with-image' title=\"Parc animalier des Pyr\u00e9n\u00e9es\"  itemprop=\"thumbnailUrl\" ><div class='av-inner-masonry-sizer'><\/div><figure class='av-inner-masonry main_color'><div class=\"av-masonry-outerimage-container\"><div class=\"av-masonry-image-container\" style=\"background-image: url(https:\/\/www.hotel-saintesuzanne-lourdes.com\/fr\/wp-content\/uploads\/2015\/03\/tourisme3.jpg);\" title=\"Parc animalier des Pyr\u00e9n\u00e9es\" ><\/div><\/div><figcaption class='av-inner-masonry-content site-background'><div class='av-inner-masonry-content-pos'><div class='av-inner-masonry-content-pos-content'><div class='avia-arrow'><\/div><h3 class='av-masonry-entry-title entry-title '  itemprop=\"headline\" >Parc animalier des Pyr\u00e9n\u00e9es<\/h3><\/div><\/div><\/figcaption><\/figure><\/a><!--end av-masonry entry--><a href=\"https:\/\/www.hotel-saintesuzanne-lourdes.com\/fr\/wp-content\/uploads\/2015\/03\/tourisme2.jpg\" id='av-masonry-1-item-211' data-av-masonry-item='211' class='av-masonry-entry isotope-item post-211 attachment type-attachment status-inherit hentry  av-masonry-item-with-image' title=\"Donjon des Aigles\"  itemprop=\"thumbnailUrl\" ><div class='av-inner-masonry-sizer'><\/div><figure class='av-inner-masonry main_color'><div class=\"av-masonry-outerimage-container\"><div class=\"av-masonry-image-container\" style=\"background-image: url(https:\/\/www.hotel-saintesuzanne-lourdes.com\/fr\/wp-content\/uploads\/2015\/03\/tourisme2.jpg);\" title=\"Donjon des Aigles\" ><\/div><\/div><figcaption class='av-inner-masonry-content site-background'><div class='av-inner-masonry-content-pos'><div class='av-inner-masonry-content-pos-content'><div class='avia-arrow'><\/div><h3 class='av-masonry-entry-title entry-title '  itemprop=\"headline\" >Donjon des Aigles<\/h3><\/div><\/div><\/figcaption><\/figure><\/a><!--end av-masonry entry--><a href=\"https:\/\/www.hotel-saintesuzanne-lourdes.com\/fr\/wp-content\/uploads\/2015\/03\/tourisme1.jpg\" id='av-masonry-1-item-210' data-av-masonry-item='210' class='av-masonry-entry isotope-item post-210 attachment type-attachment status-inherit hentry  av-masonry-item-with-image' title=\"Abbaye de l&rsquo;Escaladieu\"  itemprop=\"thumbnailUrl\" ><div class='av-inner-masonry-sizer'><\/div><figure class='av-inner-masonry main_color'><div class=\"av-masonry-outerimage-container\"><div class=\"av-masonry-image-container\" style=\"background-image: url(https:\/\/www.hotel-saintesuzanne-lourdes.com\/fr\/wp-content\/uploads\/2015\/03\/tourisme1.jpg);\" title=\"Abbaye de l&rsquo;Escaladieu\" ><\/div><\/div><figcaption class='av-inner-masonry-content site-background'><div class='av-inner-masonry-content-pos'><div class='av-inner-masonry-content-pos-content'><div class='avia-arrow'><\/div><h3 class='av-masonry-entry-title entry-title '  itemprop=\"headline\" >Abbaye de l&rsquo;Escaladieu<\/h3><\/div><\/div><\/figcaption><\/figure><\/a><!--end av-masonry entry--><a href=\"https:\/\/www.hotel-saintesuzanne-lourdes.com\/fr\/wp-content\/uploads\/2021\/03\/pic-du-midi.jpg\" id='av-masonry-1-item-572' data-av-masonry-item='572' class='av-masonry-entry isotope-item post-572 attachment type-attachment status-inherit hentry  av-masonry-item-with-image' title=\"Pic du Midi de Bigorre\"  itemprop=\"thumbnailUrl\" ><div class='av-inner-masonry-sizer'><\/div><figure class='av-inner-masonry main_color'><div class=\"av-masonry-outerimage-container\"><div class=\"av-masonry-image-container\" style=\"background-image: url(https:\/\/www.hotel-saintesuzanne-lourdes.com\/fr\/wp-content\/uploads\/2021\/03\/pic-du-midi.jpg);\" title=\"Pic du Midi de Bigorre\" ><\/div><\/div><figcaption class='av-inner-masonry-content site-background'><div class='av-inner-masonry-content-pos'><div class='av-inner-masonry-content-pos-content'><div class='avia-arrow'><\/div><h3 class='av-masonry-entry-title entry-title '  itemprop=\"headline\" >Pic du Midi de Bigorre<\/h3><\/div><\/div><\/figcaption><\/figure><\/a><!--end av-masonry entry--><a href=\"https:\/\/www.hotel-saintesuzanne-lourdes.com\/fr\/wp-content\/uploads\/2021\/03\/cirque-de-gavarnie.jpg\" id='av-masonry-1-item-573' data-av-masonry-item='573' class='av-masonry-entry isotope-item post-573 attachment type-attachment status-inherit hentry  av-masonry-item-with-image' title=\"Cirque de Gavarnie\"  itemprop=\"thumbnailUrl\" ><div class='av-inner-masonry-sizer'><\/div><figure class='av-inner-masonry main_color'><div class=\"av-masonry-outerimage-container\"><div class=\"av-masonry-image-container\" style=\"background-image: url(https:\/\/www.hotel-saintesuzanne-lourdes.com\/fr\/wp-content\/uploads\/2021\/03\/cirque-de-gavarnie.jpg);\" title=\"Cirque de Gavarnie\" ><\/div><\/div><figcaption class='av-inner-masonry-content site-background'><div class='av-inner-masonry-content-pos'><div class='av-inner-masonry-content-pos-content'><div class='avia-arrow'><\/div><h3 class='av-masonry-entry-title entry-title '  itemprop=\"headline\" >Cirque de Gavarnie<\/h3><\/div><\/div><\/figcaption><\/figure><\/a><!--end av-masonry entry--><a href=\"https:\/\/www.hotel-saintesuzanne-lourdes.com\/fr\/wp-content\/uploads\/2021\/03\/grottes-de-medous.jpg\" id='av-masonry-1-item-574' data-av-masonry-item='574' class='av-masonry-entry isotope-item post-574 attachment type-attachment status-inherit hentry  av-masonry-item-with-image' title=\"Grottes de Medous\"  itemprop=\"thumbnailUrl\" ><div class='av-inner-masonry-sizer'><\/div><figure class='av-inner-masonry main_color'><div class=\"av-masonry-outerimage-container\"><div class=\"av-masonry-image-container\" style=\"background-image: url(https:\/\/www.hotel-saintesuzanne-lourdes.com\/fr\/wp-content\/uploads\/2021\/03\/grottes-de-medous.jpg);\" title=\"Grottes de Medous\" ><\/div><\/div><figcaption class='av-inner-masonry-content site-background'><div class='av-inner-masonry-content-pos'><div class='av-inner-masonry-content-pos-content'><div class='avia-arrow'><\/div><h3 class='av-masonry-entry-title entry-title '  itemprop=\"headline\" >Grottes de Medous<\/h3><\/div><\/div><\/figcaption><\/figure><\/a><!--end av-masonry entry--><\/div><\/div>\n","protected":false},"excerpt":{"rendered":"","protected":false},"author":2,"featured_media":0,"parent":0,"menu_order":6,"comment_status":"closed","ping_status":"closed","template":"","meta":{"footnotes":""},"yoast_head":"<!-- This site is optimized with the Yoast SEO plugin v22.8 - https:\/\/yoast.com\/wordpress\/plugins\/seo\/ -->\n<title>Tourisme \u00e0 Lourdes - Hotel Sainte-Suzanne<\/title>\n<meta name=\"description\" content=\"Tourisme \u00e0 Lourdes \u00e0 partir de l&#039;hotel Sainte-Suzanne 3 \u00e9toiles. D\u00e9couvrez les sites incontournables des environs de Lourdes et des Hautes-Pyr\u00e9n\u00e9es\" \/>\n<meta name=\"robots\" content=\"index, follow, max-snippet:-1, max-image-preview:large, max-video-preview:-1\" \/>\n<link rel=\"canonical\" href=\"https:\/\/www.hotel-saintesuzanne-lourdes.com\/fr\/tourisme-a-lourdes\/\" \/>\n<meta property=\"og:locale\" content=\"fr_FR\" \/>\n<meta property=\"og:type\" content=\"article\" \/>\n<meta property=\"og:title\" content=\"Tourisme \u00e0 Lourdes - Hotel Sainte-Suzanne\" \/>\n<meta property=\"og:description\" content=\"Tourisme \u00e0 Lourdes \u00e0 partir de l&#039;hotel Sainte-Suzanne 3 \u00e9toiles. D\u00e9couvrez les sites incontournables des environs de Lourdes et des Hautes-Pyr\u00e9n\u00e9es\" \/>\n<meta property=\"og:url\" content=\"https:\/\/www.hotel-saintesuzanne-lourdes.com\/fr\/tourisme-a-lourdes\/\" \/>\n<meta property=\"og:site_name\" content=\"Hotel Lourdes\" \/>\n<meta property=\"article:modified_time\" content=\"2021-03-08T12:53:43+00:00\" \/>\n<meta name=\"twitter:label1\" content=\"Dur\u00e9e de lecture estim\u00e9e\" \/>\n\t<meta name=\"twitter:data1\" content=\"2 minutes\" \/>\n<script type=\"application\/ld+json\" class=\"yoast-schema-graph\">{\"@context\":\"https:\/\/schema.org\",\"@graph\":[{\"@type\":\"WebPage\",\"@id\":\"https:\/\/www.hotel-saintesuzanne-lourdes.com\/fr\/tourisme-a-lourdes\/\",\"url\":\"https:\/\/www.hotel-saintesuzanne-lourdes.com\/fr\/tourisme-a-lourdes\/\",\"name\":\"Tourisme \u00e0 Lourdes - Hotel Sainte-Suzanne\",\"isPartOf\":{\"@id\":\"https:\/\/www.hotel-saintesuzanne-lourdes.com\/fr\/#website\"},\"datePublished\":\"2015-02-19T10:04:43+00:00\",\"dateModified\":\"2021-03-08T12:53:43+00:00\",\"description\":\"Tourisme \u00e0 Lourdes \u00e0 partir de l'hotel Sainte-Suzanne 3 \u00e9toiles. D\u00e9couvrez les sites incontournables des environs de Lourdes et des Hautes-Pyr\u00e9n\u00e9es\",\"breadcrumb\":{\"@id\":\"https:\/\/www.hotel-saintesuzanne-lourdes.com\/fr\/tourisme-a-lourdes\/#breadcrumb\"},\"inLanguage\":\"fr-FR\",\"potentialAction\":[{\"@type\":\"ReadAction\",\"target\":[\"https:\/\/www.hotel-saintesuzanne-lourdes.com\/fr\/tourisme-a-lourdes\/\"]}]},{\"@type\":\"BreadcrumbList\",\"@id\":\"https:\/\/www.hotel-saintesuzanne-lourdes.com\/fr\/tourisme-a-lourdes\/#breadcrumb\",\"itemListElement\":[{\"@type\":\"ListItem\",\"position\":1,\"name\":\"Accueil\",\"item\":\"https:\/\/www.hotel-saintesuzanne-lourdes.com\/fr\/hotel-lourdes-3-etoiles-proche-sanctuaires-hotel-sainte-suzanne\/\"},{\"@type\":\"ListItem\",\"position\":2,\"name\":\"Tourisme \u00e0 Lourdes\"}]},{\"@type\":\"WebSite\",\"@id\":\"https:\/\/www.hotel-saintesuzanne-lourdes.com\/fr\/#website\",\"url\":\"https:\/\/www.hotel-saintesuzanne-lourdes.com\/fr\/\",\"name\":\"Hotel Lourdes\",\"description\":\"Hotel Sainte Suzanne Lourdes\",\"potentialAction\":[{\"@type\":\"SearchAction\",\"target\":{\"@type\":\"EntryPoint\",\"urlTemplate\":\"https:\/\/www.hotel-saintesuzanne-lourdes.com\/fr\/?s={search_term_string}\"},\"query-input\":\"required name=search_term_string\"}],\"inLanguage\":\"fr-FR\"}]}<\/script>\n<!-- \/ Yoast SEO plugin. -->","yoast_head_json":{"title":"Tourisme \u00e0 Lourdes - Hotel Sainte-Suzanne","description":"Tourisme \u00e0 Lourdes \u00e0 partir de l'hotel Sainte-Suzanne 3 \u00e9toiles. D\u00e9couvrez les sites incontournables des environs de Lourdes et des Hautes-Pyr\u00e9n\u00e9es","robots":{"index":"index","follow":"follow","max-snippet":"max-snippet:-1","max-image-preview":"max-image-preview:large","max-video-preview":"max-video-preview:-1"},"canonical":"https:\/\/www.hotel-saintesuzanne-lourdes.com\/fr\/tourisme-a-lourdes\/","og_locale":"fr_FR","og_type":"article","og_title":"Tourisme \u00e0 Lourdes - Hotel Sainte-Suzanne","og_description":"Tourisme \u00e0 Lourdes \u00e0 partir de l'hotel Sainte-Suzanne 3 \u00e9toiles. D\u00e9couvrez les sites incontournables des environs de Lourdes et des Hautes-Pyr\u00e9n\u00e9es","og_url":"https:\/\/www.hotel-saintesuzanne-lourdes.com\/fr\/tourisme-a-lourdes\/","og_site_name":"Hotel Lourdes","article_modified_time":"2021-03-08T12:53:43+00:00","twitter_misc":{"Dur\u00e9e de lecture estim\u00e9e":"2 minutes"},"schema":{"@context":"https:\/\/schema.org","@graph":[{"@type":"WebPage","@id":"https:\/\/www.hotel-saintesuzanne-lourdes.com\/fr\/tourisme-a-lourdes\/","url":"https:\/\/www.hotel-saintesuzanne-lourdes.com\/fr\/tourisme-a-lourdes\/","name":"Tourisme \u00e0 Lourdes - Hotel Sainte-Suzanne","isPartOf":{"@id":"https:\/\/www.hotel-saintesuzanne-lourdes.com\/fr\/#website"},"datePublished":"2015-02-19T10:04:43+00:00","dateModified":"2021-03-08T12:53:43+00:00","description":"Tourisme \u00e0 Lourdes \u00e0 partir de l'hotel Sainte-Suzanne 3 \u00e9toiles. D\u00e9couvrez les sites incontournables des environs de Lourdes et des Hautes-Pyr\u00e9n\u00e9es","breadcrumb":{"@id":"https:\/\/www.hotel-saintesuzanne-lourdes.com\/fr\/tourisme-a-lourdes\/#breadcrumb"},"inLanguage":"fr-FR","potentialAction":[{"@type":"ReadAction","target":["https:\/\/www.hotel-saintesuzanne-lourdes.com\/fr\/tourisme-a-lourdes\/"]}]},{"@type":"BreadcrumbList","@id":"https:\/\/www.hotel-saintesuzanne-lourdes.com\/fr\/tourisme-a-lourdes\/#breadcrumb","itemListElement":[{"@type":"ListItem","position":1,"name":"Accueil","item":"https:\/\/www.hotel-saintesuzanne-lourdes.com\/fr\/hotel-lourdes-3-etoiles-proche-sanctuaires-hotel-sainte-suzanne\/"},{"@type":"ListItem","position":2,"name":"Tourisme \u00e0 Lourdes"}]},{"@type":"WebSite","@id":"https:\/\/www.hotel-saintesuzanne-lourdes.com\/fr\/#website","url":"https:\/\/www.hotel-saintesuzanne-lourdes.com\/fr\/","name":"Hotel Lourdes","description":"Hotel Sainte Suzanne Lourdes","potentialAction":[{"@type":"SearchAction","target":{"@type":"EntryPoint","urlTemplate":"https:\/\/www.hotel-saintesuzanne-lourdes.com\/fr\/?s={search_term_string}"},"query-input":"required name=search_term_string"}],"inLanguage":"fr-FR"}]}},"_links":{"self":[{"href":"https:\/\/www.hotel-saintesuzanne-lourdes.com\/fr\/wp-json\/wp\/v2\/pages\/18"}],"collection":[{"href":"https:\/\/www.hotel-saintesuzanne-lourdes.com\/fr\/wp-json\/wp\/v2\/pages"}],"about":[{"href":"https:\/\/www.hotel-saintesuzanne-lourdes.com\/fr\/wp-json\/wp\/v2\/types\/page"}],"author":[{"embeddable":true,"href":"https:\/\/www.hotel-saintesuzanne-lourdes.com\/fr\/wp-json\/wp\/v2\/users\/2"}],"replies":[{"embeddable":true,"href":"https:\/\/www.hotel-saintesuzanne-lourdes.com\/fr\/wp-json\/wp\/v2\/comments?post=18"}],"version-history":[{"count":18,"href":"https:\/\/www.hotel-saintesuzanne-lourdes.com\/fr\/wp-json\/wp\/v2\/pages\/18\/revisions"}],"predecessor-version":[{"id":197,"href":"https:\/\/www.hotel-saintesuzanne-lourdes.com\/fr\/wp-json\/wp\/v2\/pages\/18\/revisions\/197"}],"wp:attachment":[{"href":"https:\/\/www.hotel-saintesuzanne-lourdes.com\/fr\/wp-json\/wp\/v2\/media?parent=18"}],"curies":[{"name":"wp","href":"https:\/\/api.w.org\/{rel}","templated":true}]}}