{"id":14,"date":"2015-02-19T11:02:53","date_gmt":"2015-02-19T10:02:53","guid":{"rendered":"http:\/\/www.hotel-saintesuzanne-lourdes.com\/fr\/?page_id=14"},"modified":"2015-03-03T14:29:06","modified_gmt":"2015-03-03T13:29:06","slug":"situation-hotel-lourdes","status":"publish","type":"page","link":"https:\/\/www.hotel-saintesuzanne-lourdes.com\/fr\/situation-hotel-lourdes\/","title":{"rendered":"Situation hotel Lourdes Sainte-Suzanne"},"content":{"rendered":"<h2><strong>Situation hotel Lourdes Sainte Suzanne :<\/strong><\/h2>\n<p>face aux Pyr\u00e9n\u00e9es, 3 \u00e9toiles nouvelle classification et enti\u00e8rement r\u00e9nov\u00e9, au bord du Gave de Pau et 300 m\u00e8tres des Sanctuaires et de la Grotte de Lourdes.<\/p>\n<ul>\n<li>A 20 kms de Tarbes, 25 kms de Pau, 150 kms de Toulouse, 140 kms de Biarritz<\/li>\n<li>Gare T.G.V.<\/li>\n<li>Taxis services de Lourdes : <a title=\"Taxis\" href=\"http:\/\/www.taxisserviceslourdes.fr\/\" target=\"_blank\">http:\/\/www.taxisserviceslourdes.fr\/<\/a><\/li>\n<li>A\u00e9roport international de <a title=\"A\u00e9roport Tarbes-Lourdes\" href=\"http:\/\/www.tlp.aeroport.fr\/\" target=\"_blank\">Tarbes-Lourdes-Pyr\u00e9n\u00e9es<\/a> \u00e0 10 kms (navettes par car)<\/li>\n<li>A\u00e9roport international de <a title=\"A\u00e9roport Pau\" href=\"http:\/\/www.pau.aeroport.fr\/\" target=\"_blank\">Pau-Uzein<\/a> \u00e0 25 km (navettes par car)<\/li>\n<\/ul>\n<p><iframe loading=\"lazy\" style=\"border: 0;\" src=\"https:\/\/www.google.com\/maps\/embed?pb=!1m14!1m8!1m3!1d2913.508475483872!2d-0.05430299999999999!3d43.093827999999995!3m2!1i1024!2i768!4f13.1!3m3!1m2!1s0xd57d69f1755ca3b%3A0xc03ded884ca9ece4!2sH%C3%B4tel+Sainte+Suzanne!5e0!3m2!1sfr!2sfr!4v1424878087826\" width=\"930\" height=\"600\" frameborder=\"0\"><\/iframe><\/p>\n<p><img loading=\"lazy\" decoding=\"async\" class=\"alignnone wp-image-226 size-full\" title=\"Situation hotel Lourdes\" src=\"http:\/\/www.hotel-saintesuzanne-lourdes.com\/fr\/wp-content\/uploads\/2015\/02\/vallee_gave.jpg\" alt=\"Situation hotel Lourdes\" width=\"930\" height=\"208\" srcset=\"https:\/\/www.hotel-saintesuzanne-lourdes.com\/fr\/wp-content\/uploads\/2015\/02\/vallee_gave.jpg 930w, https:\/\/www.hotel-saintesuzanne-lourdes.com\/fr\/wp-content\/uploads\/2015\/02\/vallee_gave-300x67.jpg 300w\" sizes=\"(max-width: 930px) 100vw, 930px\" \/><\/p>\n<h3><strong>Situation hotel Lourdes Sainte Suzanne :<\/strong><\/h3>\n<p style=\"text-align: justify;\">Lourdes est la deuxi\u00e8me ville h\u00f4teli\u00e8re de France, juste derri\u00e8re Paris et devant Nice. Lourdes est situ\u00e9e dans le d\u00e9partement des <a title=\"Tourisme Hautes-Pyr\u00e9n\u00e9es\" href=\"http:\/\/www.tourisme-hautes-pyrenees.com\/\" target=\"_blank\">Hautes-Pyr\u00e9n\u00e9es<\/a> et la r\u00e9gion <a title=\"R\u00e9gion Midi-Pyr\u00e9n\u00e9es\" href=\"http:\/\/www.midipyrenees.fr\/\" target=\"_blank\">Midi-Pyr\u00e9n\u00e9es<\/a>. <a title=\"Sanctuaires de Lourdes\" href=\"http:\/\/www.lourdes-france.com\/\" target=\"_blank\">Centre de p\u00e8lerinage catholique<\/a> depuis les apparitions de Lourdes en 1858, la <a title=\"Ville de Lourdes\" href=\"http:\/\/www.lourdes.fr\" target=\"_blank\">ville de Lourdes<\/a> accueille chaque ann\u00e9e 6 millions de p\u00e8lerins ou visiteurs venus du monde entier, dont environ 60 000 malades et invalides. C&rsquo;est le troisi\u00e8me lieu de p\u00e8lerinage catholique en fr\u00e9quentation apr\u00e8s le <a title=\"Vatican\" href=\"http:\/\/w2.vatican.va\/content\/vatican\/fr.html\" target=\"_blank\">Vatican<\/a> et la basilique <a title=\"Guadalupe\" href=\"http:\/\/fr.wikipedia.org\/wiki\/Notre-Dame_de_Guadalupe\" target=\"_blank\">Notre-Dame de Guadalupe de Mexico<\/a>.<br \/>\nLourdes est la cit\u00e9 mariale par excellence. Le site de Lourdes, au carrefour de plusieurs vall\u00e9es, surnomm\u00e9 le \u00ab verrou du Lavedan \u00bb, a en effet une histoire largement document\u00e9e, couvrant toutes les \u00e9poques du Pal\u00e9olithique \u00e0 nos jours, et dont la connaissance est essentielle \u00e0 celle de ce secteur pyr\u00e9n\u00e9en.<\/p>\n<p style=\"text-align: justify;\">Lourdes est \u00e9galement un lieu touristique majeur. Apr\u00e8s les Sanctuaires et la Grotte des apparitions, vous pourrez visiter le <a title=\"chateau fort de Lourdes\" href=\"http:\/\/www.lourdes-visite.com\/\" target=\"_blank\">Ch\u00e2teau Fort<\/a>, <a title=\"Pic du jer Lourdes\" href=\"http:\/\/www.picdujer.fr\/\" target=\"_blank\">Le Pic du Jer<\/a> et son funiculaire d&rsquo;o\u00f9 vous aurez une vue imprenable sur la chaine des Pyr\u00e9n\u00e9es. Mais c&rsquo;est \u00e9galement un point de d\u00e9part pour les sites prestigieux que sont le Pic du Midi, le Cirque de Gavarnie, Cauterets et le Parc National des Pyr\u00e9n\u00e9es<br \/>\nLe nouveau Lourdes est n\u00e9 avec les p\u00e8lerinages. Tant sur les plans religieux que soci\u00e9tal et \u00e9conomique, le sujet est majeur car le partenariat avec le Pays des Gaves offre des perspectives de d\u00e9veloppement touristique importantes<\/p>\n","protected":false},"excerpt":{"rendered":"<p>Situation hotel Lourdes Sainte Suzanne : face aux Pyr\u00e9n\u00e9es, 3 \u00e9toiles nouvelle classification et enti\u00e8rement r\u00e9nov\u00e9, au bord du Gave de Pau et 300 m\u00e8tres des Sanctuaires et de la Grotte de Lourdes. A 20 kms de Tarbes, 25 kms de Pau, 150 kms de Toulouse, 140 kms de Biarritz Gare T.G.V. Taxis services de [&hellip;]<\/p>\n","protected":false},"author":2,"featured_media":0,"parent":0,"menu_order":4,"comment_status":"closed","ping_status":"closed","template":"","meta":{"footnotes":""},"yoast_head":"<!-- This site is optimized with the Yoast SEO plugin v22.8 - https:\/\/yoast.com\/wordpress\/plugins\/seo\/ -->\n<title>Situation hotel Lourdes 3 \u00e9toiles Ste-Suzanne<\/title>\n<meta name=\"description\" content=\"Situation hotel Lourdes Sainte-Suzanne 3 \u00e9toiles nouvelle norme face aux Pyr\u00e9n\u00e9es, au bord du Gave de Pau proche des Sanctuaires et de la Grotte de Lourdes.\" \/>\n<meta name=\"robots\" content=\"index, follow, max-snippet:-1, max-image-preview:large, max-video-preview:-1\" \/>\n<link rel=\"canonical\" href=\"https:\/\/www.hotel-saintesuzanne-lourdes.com\/fr\/situation-hotel-lourdes\/\" \/>\n<meta property=\"og:locale\" content=\"fr_FR\" \/>\n<meta property=\"og:type\" content=\"article\" \/>\n<meta property=\"og:title\" content=\"Situation hotel Lourdes 3 \u00e9toiles Ste-Suzanne\" \/>\n<meta property=\"og:description\" content=\"Situation hotel Lourdes Sainte-Suzanne 3 \u00e9toiles nouvelle norme face aux Pyr\u00e9n\u00e9es, au bord du Gave de Pau proche des Sanctuaires et de la Grotte de Lourdes.\" \/>\n<meta property=\"og:url\" content=\"https:\/\/www.hotel-saintesuzanne-lourdes.com\/fr\/situation-hotel-lourdes\/\" \/>\n<meta property=\"og:site_name\" content=\"Hotel Lourdes\" \/>\n<meta property=\"article:modified_time\" content=\"2015-03-03T13:29:06+00:00\" \/>\n<meta property=\"og:image\" content=\"http:\/\/www.hotel-saintesuzanne-lourdes.com\/fr\/wp-content\/uploads\/2015\/02\/vallee_gave.jpg\" \/>\n<meta name=\"twitter:label1\" content=\"Dur\u00e9e de lecture estim\u00e9e\" \/>\n\t<meta name=\"twitter:data1\" content=\"2 minutes\" \/>\n<script type=\"application\/ld+json\" class=\"yoast-schema-graph\">{\"@context\":\"https:\/\/schema.org\",\"@graph\":[{\"@type\":\"WebPage\",\"@id\":\"https:\/\/www.hotel-saintesuzanne-lourdes.com\/fr\/situation-hotel-lourdes\/\",\"url\":\"https:\/\/www.hotel-saintesuzanne-lourdes.com\/fr\/situation-hotel-lourdes\/\",\"name\":\"Situation hotel Lourdes 3 \u00e9toiles Ste-Suzanne\",\"isPartOf\":{\"@id\":\"https:\/\/www.hotel-saintesuzanne-lourdes.com\/fr\/#website\"},\"primaryImageOfPage\":{\"@id\":\"https:\/\/www.hotel-saintesuzanne-lourdes.com\/fr\/situation-hotel-lourdes\/#primaryimage\"},\"image\":{\"@id\":\"https:\/\/www.hotel-saintesuzanne-lourdes.com\/fr\/situation-hotel-lourdes\/#primaryimage\"},\"thumbnailUrl\":\"http:\/\/www.hotel-saintesuzanne-lourdes.com\/fr\/wp-content\/uploads\/2015\/02\/vallee_gave.jpg\",\"datePublished\":\"2015-02-19T10:02:53+00:00\",\"dateModified\":\"2015-03-03T13:29:06+00:00\",\"description\":\"Situation hotel Lourdes Sainte-Suzanne 3 \u00e9toiles nouvelle norme face aux Pyr\u00e9n\u00e9es, au bord du Gave de Pau proche des Sanctuaires et de la Grotte de Lourdes.\",\"breadcrumb\":{\"@id\":\"https:\/\/www.hotel-saintesuzanne-lourdes.com\/fr\/situation-hotel-lourdes\/#breadcrumb\"},\"inLanguage\":\"fr-FR\",\"potentialAction\":[{\"@type\":\"ReadAction\",\"target\":[\"https:\/\/www.hotel-saintesuzanne-lourdes.com\/fr\/situation-hotel-lourdes\/\"]}]},{\"@type\":\"ImageObject\",\"inLanguage\":\"fr-FR\",\"@id\":\"https:\/\/www.hotel-saintesuzanne-lourdes.com\/fr\/situation-hotel-lourdes\/#primaryimage\",\"url\":\"http:\/\/www.hotel-saintesuzanne-lourdes.com\/fr\/wp-content\/uploads\/2015\/02\/vallee_gave.jpg\",\"contentUrl\":\"http:\/\/www.hotel-saintesuzanne-lourdes.com\/fr\/wp-content\/uploads\/2015\/02\/vallee_gave.jpg\"},{\"@type\":\"BreadcrumbList\",\"@id\":\"https:\/\/www.hotel-saintesuzanne-lourdes.com\/fr\/situation-hotel-lourdes\/#breadcrumb\",\"itemListElement\":[{\"@type\":\"ListItem\",\"position\":1,\"name\":\"Accueil\",\"item\":\"https:\/\/www.hotel-saintesuzanne-lourdes.com\/fr\/hotel-lourdes-3-etoiles-proche-sanctuaires-hotel-sainte-suzanne\/\"},{\"@type\":\"ListItem\",\"position\":2,\"name\":\"Situation hotel Lourdes Sainte-Suzanne\"}]},{\"@type\":\"WebSite\",\"@id\":\"https:\/\/www.hotel-saintesuzanne-lourdes.com\/fr\/#website\",\"url\":\"https:\/\/www.hotel-saintesuzanne-lourdes.com\/fr\/\",\"name\":\"Hotel Lourdes\",\"description\":\"Hotel Sainte Suzanne Lourdes\",\"potentialAction\":[{\"@type\":\"SearchAction\",\"target\":{\"@type\":\"EntryPoint\",\"urlTemplate\":\"https:\/\/www.hotel-saintesuzanne-lourdes.com\/fr\/?s={search_term_string}\"},\"query-input\":\"required name=search_term_string\"}],\"inLanguage\":\"fr-FR\"}]}<\/script>\n<!-- \/ Yoast SEO plugin. -->","yoast_head_json":{"title":"Situation hotel Lourdes 3 \u00e9toiles Ste-Suzanne","description":"Situation hotel Lourdes Sainte-Suzanne 3 \u00e9toiles nouvelle norme face aux Pyr\u00e9n\u00e9es, au bord du Gave de Pau proche des Sanctuaires et de la Grotte de Lourdes.","robots":{"index":"index","follow":"follow","max-snippet":"max-snippet:-1","max-image-preview":"max-image-preview:large","max-video-preview":"max-video-preview:-1"},"canonical":"https:\/\/www.hotel-saintesuzanne-lourdes.com\/fr\/situation-hotel-lourdes\/","og_locale":"fr_FR","og_type":"article","og_title":"Situation hotel Lourdes 3 \u00e9toiles Ste-Suzanne","og_description":"Situation hotel Lourdes Sainte-Suzanne 3 \u00e9toiles nouvelle norme face aux Pyr\u00e9n\u00e9es, au bord du Gave de Pau proche des Sanctuaires et de la Grotte de Lourdes.","og_url":"https:\/\/www.hotel-saintesuzanne-lourdes.com\/fr\/situation-hotel-lourdes\/","og_site_name":"Hotel Lourdes","article_modified_time":"2015-03-03T13:29:06+00:00","og_image":[{"url":"http:\/\/www.hotel-saintesuzanne-lourdes.com\/fr\/wp-content\/uploads\/2015\/02\/vallee_gave.jpg"}],"twitter_misc":{"Dur\u00e9e de lecture estim\u00e9e":"2 minutes"},"schema":{"@context":"https:\/\/schema.org","@graph":[{"@type":"WebPage","@id":"https:\/\/www.hotel-saintesuzanne-lourdes.com\/fr\/situation-hotel-lourdes\/","url":"https:\/\/www.hotel-saintesuzanne-lourdes.com\/fr\/situation-hotel-lourdes\/","name":"Situation hotel Lourdes 3 \u00e9toiles Ste-Suzanne","isPartOf":{"@id":"https:\/\/www.hotel-saintesuzanne-lourdes.com\/fr\/#website"},"primaryImageOfPage":{"@id":"https:\/\/www.hotel-saintesuzanne-lourdes.com\/fr\/situation-hotel-lourdes\/#primaryimage"},"image":{"@id":"https:\/\/www.hotel-saintesuzanne-lourdes.com\/fr\/situation-hotel-lourdes\/#primaryimage"},"thumbnailUrl":"http:\/\/www.hotel-saintesuzanne-lourdes.com\/fr\/wp-content\/uploads\/2015\/02\/vallee_gave.jpg","datePublished":"2015-02-19T10:02:53+00:00","dateModified":"2015-03-03T13:29:06+00:00","description":"Situation hotel Lourdes Sainte-Suzanne 3 \u00e9toiles nouvelle norme face aux Pyr\u00e9n\u00e9es, au bord du Gave de Pau proche des Sanctuaires et de la Grotte de Lourdes.","breadcrumb":{"@id":"https:\/\/www.hotel-saintesuzanne-lourdes.com\/fr\/situation-hotel-lourdes\/#breadcrumb"},"inLanguage":"fr-FR","potentialAction":[{"@type":"ReadAction","target":["https:\/\/www.hotel-saintesuzanne-lourdes.com\/fr\/situation-hotel-lourdes\/"]}]},{"@type":"ImageObject","inLanguage":"fr-FR","@id":"https:\/\/www.hotel-saintesuzanne-lourdes.com\/fr\/situation-hotel-lourdes\/#primaryimage","url":"http:\/\/www.hotel-saintesuzanne-lourdes.com\/fr\/wp-content\/uploads\/2015\/02\/vallee_gave.jpg","contentUrl":"http:\/\/www.hotel-saintesuzanne-lourdes.com\/fr\/wp-content\/uploads\/2015\/02\/vallee_gave.jpg"},{"@type":"BreadcrumbList","@id":"https:\/\/www.hotel-saintesuzanne-lourdes.com\/fr\/situation-hotel-lourdes\/#breadcrumb","itemListElement":[{"@type":"ListItem","position":1,"name":"Accueil","item":"https:\/\/www.hotel-saintesuzanne-lourdes.com\/fr\/hotel-lourdes-3-etoiles-proche-sanctuaires-hotel-sainte-suzanne\/"},{"@type":"ListItem","position":2,"name":"Situation hotel Lourdes Sainte-Suzanne"}]},{"@type":"WebSite","@id":"https:\/\/www.hotel-saintesuzanne-lourdes.com\/fr\/#website","url":"https:\/\/www.hotel-saintesuzanne-lourdes.com\/fr\/","name":"Hotel Lourdes","description":"Hotel Sainte Suzanne Lourdes","potentialAction":[{"@type":"SearchAction","target":{"@type":"EntryPoint","urlTemplate":"https:\/\/www.hotel-saintesuzanne-lourdes.com\/fr\/?s={search_term_string}"},"query-input":"required name=search_term_string"}],"inLanguage":"fr-FR"}]}},"_links":{"self":[{"href":"https:\/\/www.hotel-saintesuzanne-lourdes.com\/fr\/wp-json\/wp\/v2\/pages\/14"}],"collection":[{"href":"https:\/\/www.hotel-saintesuzanne-lourdes.com\/fr\/wp-json\/wp\/v2\/pages"}],"about":[{"href":"https:\/\/www.hotel-saintesuzanne-lourdes.com\/fr\/wp-json\/wp\/v2\/types\/page"}],"author":[{"embeddable":true,"href":"https:\/\/www.hotel-saintesuzanne-lourdes.com\/fr\/wp-json\/wp\/v2\/users\/2"}],"replies":[{"embeddable":true,"href":"https:\/\/www.hotel-saintesuzanne-lourdes.com\/fr\/wp-json\/wp\/v2\/comments?post=14"}],"version-history":[{"count":10,"href":"https:\/\/www.hotel-saintesuzanne-lourdes.com\/fr\/wp-json\/wp\/v2\/pages\/14\/revisions"}],"predecessor-version":[{"id":228,"href":"https:\/\/www.hotel-saintesuzanne-lourdes.com\/fr\/wp-json\/wp\/v2\/pages\/14\/revisions\/228"}],"wp:attachment":[{"href":"https:\/\/www.hotel-saintesuzanne-lourdes.com\/fr\/wp-json\/wp\/v2\/media?parent=14"}],"curies":[{"name":"wp","href":"https:\/\/api.w.org\/{rel}","templated":true}]}}