{"id":12,"date":"2015-02-19T11:02:07","date_gmt":"2015-02-19T10:02:07","guid":{"rendered":"http:\/\/www.hotel-saintesuzanne-lourdes.com\/fr\/?page_id=12"},"modified":"2026-04-01T11:11:26","modified_gmt":"2026-04-01T10:11:26","slug":"chambres-a-lourdes","status":"publish","type":"page","link":"https:\/\/www.hotel-saintesuzanne-lourdes.com\/fr\/chambres-a-lourdes\/","title":{"rendered":"Chambres \u00e0 Lourdes h\u00f4tel Sainte-Suzanne"},"content":{"rendered":"<div class=\"flex_column av_two_third  flex_column_div av-zero-column-padding first  avia-builder-el-0  el_before_av_one_third  avia-builder-el-first  \" style='border-radius:0px; '><section class=\"av_textblock_section \"  itemscope=\"itemscope\" itemtype=\"https:\/\/schema.org\/CreativeWork\" ><div class='avia_textblock  '   itemprop=\"text\" ><h2>LES CHAMBRES DE L\u2019H\u00d4TEL :<\/h2>\n<p>Les chambres de l&rsquo;h\u00f4tel Sainte Suzanne 3 \u00e9toiles nouvelle classification ont \u00e9t\u00e9 enti\u00e8rement r\u00e9nov\u00e9es.<br \/>\nNous mettons \u00e0 votre disposition 78 chambres : single, chambre double, chambre triple et chambre pour personne \u00e0 mobilit\u00e9 r\u00e9duite.<br \/>\nAcc\u00e8s handicap\u00e9s dans l&rsquo;h\u00f4tel et chambres pour personnes \u00e0 mobilit\u00e9 r\u00e9duite.<\/p>\n<blockquote>\n<p>Bernadette et Jean Luc vous accueille dans leur h\u00f4tel proche des sanctuaires de Lourdes dans une atmosph\u00e8re familiale dans un cadre moderne et chaleureux.<\/p>\n<\/blockquote>\n<\/div><\/section><\/div>\n<div class=\"flex_column av_one_third  flex_column_div av-zero-column-padding   avia-builder-el-2  el_after_av_two_third  el_before_av_masonry_gallery  avia-builder-el-last  \" style='border-radius:0px; '><p><section class=\"av_textblock_section \"  itemscope=\"itemscope\" itemtype=\"https:\/\/schema.org\/CreativeWork\" ><div class='avia_textblock  '   itemprop=\"text\" ><p><strong>Equipements des chambres<\/strong> : <img loading=\"lazy\" decoding=\"async\" class=\"alignnone size-full wp-image-90\" src=\"http:\/\/www.hotel-saintesuzanne-lourdes.com\/fr\/wp-content\/uploads\/2015\/02\/equipements.gif\" alt=\"equipements des chambres\" width=\"147\" height=\"30\" \/><br \/>\nbain\/douche,\u00a0 WC, s\u00e8che-cheveux, t\u00e9l\u00e9phone direct, TV satellite<\/p>\n<\/div><\/section><br \/>\n<div  class='avia-image-container  av-styling-    avia-builder-el-4  el_after_av_textblock  avia-builder-el-last  avia-align-center '  itemprop=\"image\" itemscope=\"itemscope\" itemtype=\"https:\/\/schema.org\/ImageObject\"  ><div class='avia-image-container-inner'><div class='avia-image-overlay-wrap'><a href='https:\/\/www.hotel-saintesuzanne-lourdes.com\/fr\/reservation\/' class='avia_image'  ><img class='avia_image ' src='https:\/\/www.hotel-saintesuzanne-lourdes.com\/fr\/wp-content\/uploads\/2021\/02\/bouton-resa1.png' alt='R\u00e9servation hotel 3 \u00e9toiles Lourdes' title='bouton resa1'  itemprop=\"thumbnailUrl\"  \/><\/a><\/div><\/div><\/div><\/p><\/div><div id='av-masonry-1' class='av-masonry  noHover av-flex-size av-large-gap av-hover-overlay- av-masonry-animation-active av-masonry-col-4 av-caption-always av-caption-style- av-masonry-gallery     '  ><div class='av-masonry-container isotope av-js-disabled ' ><div class='av-masonry-entry isotope-item av-masonry-item-no-image '><\/div><a href=\"https:\/\/www.hotel-saintesuzanne-lourdes.com\/fr\/wp-content\/uploads\/2021\/02\/hotel-lourdes-ch1.jpg\" id='av-masonry-1-item-500' data-av-masonry-item='500' class='av-masonry-entry isotope-item post-500 attachment type-attachment status-inherit hentry  av-masonry-item-with-image' title=\"hotel-lourdes-ch1\"  itemprop=\"thumbnailUrl\" ><div class='av-inner-masonry-sizer'><\/div><figure class='av-inner-masonry main_color'><div class=\"av-masonry-outerimage-container\"><div class=\"av-masonry-image-container\" ><img decoding=\"async\" src=\"https:\/\/www.hotel-saintesuzanne-lourdes.com\/fr\/wp-content\/uploads\/2021\/02\/hotel-lourdes-ch1-705x470.jpg\" title=\"hotel-lourdes-ch1\" alt=\"\" \/><\/div><\/div><\/figure><\/a><!--end av-masonry entry--><a href=\"https:\/\/www.hotel-saintesuzanne-lourdes.com\/fr\/wp-content\/uploads\/2021\/02\/hotel-lourdes-ch4.jpg\" id='av-masonry-1-item-503' data-av-masonry-item='503' class='av-masonry-entry isotope-item post-503 attachment type-attachment status-inherit hentry  av-masonry-item-with-image' title=\"hotel-lourdes-ch4\"  itemprop=\"thumbnailUrl\" ><div class='av-inner-masonry-sizer'><\/div><figure class='av-inner-masonry main_color'><div class=\"av-masonry-outerimage-container\"><div class=\"av-masonry-image-container\" ><img decoding=\"async\" src=\"https:\/\/www.hotel-saintesuzanne-lourdes.com\/fr\/wp-content\/uploads\/2021\/02\/hotel-lourdes-ch4-705x470.jpg\" title=\"hotel-lourdes-ch4\" alt=\"\" \/><\/div><\/div><\/figure><\/a><!--end av-masonry entry--><a href=\"https:\/\/www.hotel-saintesuzanne-lourdes.com\/fr\/wp-content\/uploads\/2021\/02\/hotel-lourdes-ch3.jpg\" id='av-masonry-1-item-502' data-av-masonry-item='502' class='av-masonry-entry isotope-item post-502 attachment type-attachment status-inherit hentry  av-masonry-item-with-image' title=\"hotel-lourdes-ch3\"  itemprop=\"thumbnailUrl\" ><div class='av-inner-masonry-sizer'><\/div><figure class='av-inner-masonry main_color'><div class=\"av-masonry-outerimage-container\"><div class=\"av-masonry-image-container\" ><img decoding=\"async\" src=\"https:\/\/www.hotel-saintesuzanne-lourdes.com\/fr\/wp-content\/uploads\/2021\/02\/hotel-lourdes-ch3-705x470.jpg\" title=\"hotel-lourdes-ch3\" alt=\"\" \/><\/div><\/div><\/figure><\/a><!--end av-masonry entry--><a href=\"https:\/\/www.hotel-saintesuzanne-lourdes.com\/fr\/wp-content\/uploads\/2021\/02\/hotel-lourdes-ch8.jpg\" id='av-masonry-1-item-507' data-av-masonry-item='507' class='av-masonry-entry isotope-item post-507 attachment type-attachment status-inherit hentry  av-masonry-item-with-image' title=\"hotel-lourdes-ch8\"  itemprop=\"thumbnailUrl\" ><div class='av-inner-masonry-sizer'><\/div><figure class='av-inner-masonry main_color'><div class=\"av-masonry-outerimage-container\"><div class=\"av-masonry-image-container\" ><img decoding=\"async\" src=\"https:\/\/www.hotel-saintesuzanne-lourdes.com\/fr\/wp-content\/uploads\/2021\/02\/hotel-lourdes-ch8-705x470.jpg\" title=\"hotel-lourdes-ch8\" alt=\"\" \/><\/div><\/div><\/figure><\/a><!--end av-masonry entry--><\/div><\/div><\/p>\n<div class=\"flex_column av_two_third  flex_column_div av-zero-column-padding first  avia-builder-el-6  el_after_av_masonry_gallery  el_before_av_one_fourth  avia-builder-el-first  \" style='border-radius:0px; '><\/div>\n<div class=\"flex_column av_one_fourth  flex_column_div av-zero-column-padding   avia-builder-el-8  el_after_av_two_third  el_before_av_one_fourth  \" style='border-radius:0px; '><section class=\"av_textblock_section \"  itemscope=\"itemscope\" itemtype=\"https:\/\/schema.org\/CreativeWork\" ><div class='avia_textblock  '   itemprop=\"text\" ><p><strong>Petit d\u00e9jeuner buffet : <\/strong>11,00 \u20ac\/personne\/jour<strong><br \/>\nTaxe de s\u00e9jour : <\/strong>2,30 euro \/ nuit\/ par adulte<br \/>\n<strong>Repas (D\u00e9jeuner ou d\u00eener) : <\/strong>21,00 \u20ac\/personne<br \/>\n<strong>R\u00e9duction enfants : <\/strong>0-2 ans : gratuit, 3-5 ans -50 %, 6-10 ans\u00a0 -30 %<br \/>\n<strong>Paiement: esp\u00e8ce, ch\u00e8que, CB, paiement AMEX, ANCV<\/strong><\/p>\n<p><strong>TARIFS GROUPES : nous contacter\u00a0 \u00a0 \u00a0 \u00a0 \u00a0 \u00a0 \u00a0 \u00a0 \u00a0 \u00a0 \u00a0 \u00a0 \u00a0 \u00a0 \u00a0 \u00a0 \u00a0 \u00a0 \u00a0 \u00a0 \u00a0 \u00a0 \u00a0\u00a0<\/strong><\/p>\n<\/div><\/section><\/div>\n<div class='flex_column_table av-equal-height-column-flextable -flextable' style='margin-top:0px; margin-bottom:0px; '><div class=\"flex_column av_one_fourth  flex_column_table_cell av-equal-height-column av-align-top av-zero-column-padding first  avia-builder-el-10  el_after_av_one_fourth  el_before_av_one_fourth  column-top-margin\" style='border-radius:0px; '><div  class='avia-image-container  av-styling-    avia-builder-el-11  avia-builder-el-no-sibling  avia-align-center '  itemprop=\"image\" itemscope=\"itemscope\" itemtype=\"https:\/\/schema.org\/ImageObject\"  ><div class='avia-image-container-inner'><div class='avia-image-overlay-wrap'><img class='avia_image' src='https:\/\/www.hotel-saintesuzanne-lourdes.com\/fr\/wp-content\/uploads\/2021\/02\/hotel-lourdes-sdb-5.jpg' alt='' title='hotel-lourdes-sdb-5' height=\"800\" width=\"533\"  itemprop=\"thumbnailUrl\"  \/><\/div><\/div><\/div><\/div>\n<div class='av-flex-placeholder'><\/div><div class=\"flex_column av_one_fourth  flex_column_table_cell av-equal-height-column av-align-top av-zero-column-padding   avia-builder-el-12  el_after_av_one_fourth  el_before_av_one_fourth  column-top-margin\" style='border-radius:0px; '><div  class='avia-image-container  av-styling-    avia-builder-el-13  avia-builder-el-no-sibling  avia-align-center '  itemprop=\"image\" itemscope=\"itemscope\" itemtype=\"https:\/\/schema.org\/ImageObject\"  ><div class='avia-image-container-inner'><div class='avia-image-overlay-wrap'><img class='avia_image' src='https:\/\/www.hotel-saintesuzanne-lourdes.com\/fr\/wp-content\/uploads\/2021\/02\/hotel-lourdes-sdb-3.jpg' alt='' title='hotel-lourdes-sdb-3' height=\"768\" width=\"511\"  itemprop=\"thumbnailUrl\"  \/><\/div><\/div><\/div><\/div>\n<div class='av-flex-placeholder'><\/div><div class=\"flex_column av_one_fourth  flex_column_table_cell av-equal-height-column av-align-top av-zero-column-padding   avia-builder-el-14  el_after_av_one_fourth  el_before_av_one_fourth  column-top-margin\" style='border-radius:0px; '><div  class='avia-image-container  av-styling-    avia-builder-el-15  avia-builder-el-no-sibling  avia-align-center '  itemprop=\"image\" itemscope=\"itemscope\" itemtype=\"https:\/\/schema.org\/ImageObject\"  ><div class='avia-image-container-inner'><div class='avia-image-overlay-wrap'><img class='avia_image' src='https:\/\/www.hotel-saintesuzanne-lourdes.com\/fr\/wp-content\/uploads\/2021\/02\/hotel-lourdes-sdb-2.jpg' alt='' title='hotel-lourdes-sdb-2' height=\"768\" width=\"511\"  itemprop=\"thumbnailUrl\"  \/><\/div><\/div><\/div><\/div>\n<div class='av-flex-placeholder'><\/div><div class=\"flex_column av_one_fourth  flex_column_table_cell av-equal-height-column av-align-top av-zero-column-padding   avia-builder-el-16  el_after_av_one_fourth  el_before_av_section  avia-builder-el-last  column-top-margin\" style='border-radius:0px; '><div  class='avia-image-container  av-styling-    avia-builder-el-17  avia-builder-el-no-sibling  avia-align-center '  itemprop=\"image\" itemscope=\"itemscope\" itemtype=\"https:\/\/schema.org\/ImageObject\"  ><div class='avia-image-container-inner'><div class='avia-image-overlay-wrap'><img class='avia_image' src='https:\/\/www.hotel-saintesuzanne-lourdes.com\/fr\/wp-content\/uploads\/2021\/02\/hotel-lourdes-sdb-1.jpg' alt='' title='hotel-lourdes-sdb-1' height=\"768\" width=\"511\"  itemprop=\"thumbnailUrl\"  \/><\/div><\/div><\/div><\/div><\/div><!--close column table wrapper. Autoclose: 1 -->\n<\/div><\/div><\/div><!-- close content main div --><\/div><\/div><div id='av_section_1'  class='avia-section main_color avia-section-default avia-no-border-styling  avia-bg-style-scroll  avia-builder-el-18  el_after_av_one_fourth  el_before_av_one_full   container_wrap fullsize' style=' '  ><div class='container' ><div class='template-page content  av-content-full alpha units'><div class='post-entry post-entry-type-page post-entry-12'><div class='entry-content-wrapper clearfix'>\n<div class='flex_column_table av-equal-height-column-flextable -flextable' ><div class=\"flex_column av_one_third  no_margin flex_column_table_cell av-equal-height-column av-align-top av-zero-column-padding first  avia-builder-el-19  el_before_av_one_third  avia-builder-el-first  \" style='border-radius:0px; '><div  class='avia-image-container  av-styling-    avia-builder-el-20  avia-builder-el-no-sibling  avia-align-center '  itemprop=\"image\" itemscope=\"itemscope\" itemtype=\"https:\/\/schema.org\/ImageObject\"  ><div class='avia-image-container-inner'><div class='avia-image-overlay-wrap'><img class='avia_image' src='https:\/\/www.hotel-saintesuzanne-lourdes.com\/fr\/wp-content\/uploads\/2021\/02\/hotel-lourdes-ch6.jpg' alt='' title='hotel-lourdes-ch6' height=\"533\" width=\"800\"  itemprop=\"thumbnailUrl\"  \/><\/div><\/div><\/div><\/div><div class=\"flex_column av_one_third  no_margin flex_column_table_cell av-equal-height-column av-align-top av-zero-column-padding   avia-builder-el-21  el_after_av_one_third  el_before_av_one_third  \" style='border-radius:0px; '><div  class='avia-image-container  av-styling-    avia-builder-el-22  avia-builder-el-no-sibling  avia-align-center '  itemprop=\"image\" itemscope=\"itemscope\" itemtype=\"https:\/\/schema.org\/ImageObject\"  ><div class='avia-image-container-inner'><div class='avia-image-overlay-wrap'><img class='avia_image' src='https:\/\/www.hotel-saintesuzanne-lourdes.com\/fr\/wp-content\/uploads\/2021\/02\/hotel-lourdes-ch4.jpg' alt='' title='hotel-lourdes-ch4' height=\"533\" width=\"800\"  itemprop=\"thumbnailUrl\"  \/><\/div><\/div><\/div><\/div><div class=\"flex_column av_one_third  no_margin flex_column_table_cell av-equal-height-column av-align-top av-zero-column-padding   avia-builder-el-23  el_after_av_one_third  avia-builder-el-last  \" style='border-radius:0px; '><div  class='avia-image-container  av-styling-    avia-builder-el-24  avia-builder-el-no-sibling  avia-align-center '  itemprop=\"image\" itemscope=\"itemscope\" itemtype=\"https:\/\/schema.org\/ImageObject\"  ><div class='avia-image-container-inner'><div class='avia-image-overlay-wrap'><img class='avia_image' src='https:\/\/www.hotel-saintesuzanne-lourdes.com\/fr\/wp-content\/uploads\/2021\/02\/hotel-lourdes-ch2.jpg' alt='' title='hotel-lourdes-ch2' height=\"533\" width=\"800\"  itemprop=\"thumbnailUrl\"  \/><\/div><\/div><\/div><\/div><\/div><!--close column table wrapper. Autoclose: 1 -->\n<\/div><\/div><\/div><!-- close content main div --><\/div><\/div><div id='after_section_1'  class='main_color av_default_container_wrap container_wrap fullsize' style=' '  ><div class='container' ><div class='template-page content  av-content-full alpha units'><div class='post-entry post-entry-type-page post-entry-12'><div class='entry-content-wrapper clearfix'>\n<div class=\"flex_column av_one_full  flex_column_div av-zero-column-padding first  avia-builder-el-25  el_after_av_section  el_before_av_one_full  avia-builder-el-first  \" style='border-radius:0px; '><section class=\"av_textblock_section \"  itemscope=\"itemscope\" itemtype=\"https:\/\/schema.org\/CreativeWork\" ><div class='avia_textblock  '   itemprop=\"text\" ><h2>Les services + de l&rsquo;h\u00f4tel Sainte Suzanne\u00a0 \u00e0 Lourdes :<\/h2>\n<p>2 ascenseurs, <a href=\"http:\/\/www.hotel-saintesuzanne-lourdes.com\/fr\/restaurant-de-lhotel\/\">restaurant climatis\u00e9 de 160 personnes<\/a>, salle de r\u00e9union gratuite pour les clients de l&rsquo;h\u00f4tel, un salon TV et un salon bar. WIFI gratuit dans tout l\u2019h\u00f4tel<\/p>\n<\/div><\/section><\/div>\n<div class=\"flex_column av_one_full  flex_column_div av-zero-column-padding first  avia-builder-el-27  el_after_av_one_full  avia-builder-el-last  column-top-margin\" style='border-radius:0px; '><section class=\"av_textblock_section \"  itemscope=\"itemscope\" itemtype=\"https:\/\/schema.org\/CreativeWork\" ><div class='avia_textblock  '   itemprop=\"text\" ><h3 style=\"text-align: justify;\"><strong>Trouver des chambres \u00e0 Lourdes \u00e0 louer <\/strong>n&rsquo;est pas tr\u00e8s compliqu\u00e9.<\/h3>\n<p style=\"text-align: justify;\">Lourdes est la deuxi\u00e8me ville h\u00f4teli\u00e8re de France, juste derri\u00e8re Paris et devant Nice. Lourdes est situ\u00e9e dans le d\u00e9partement des <a title=\"Tourisme Hautes-Pyr\u00e9n\u00e9es\" href=\"http:\/\/www.tourisme-hautes-pyrenees.com\/\" target=\"_blank\" rel=\"noopener noreferrer\">Hautes-Pyr\u00e9n\u00e9es<\/a> et la r\u00e9gion <a title=\"R\u00e9gion Midi-Pyr\u00e9n\u00e9es\" href=\"http:\/\/www.midipyrenees.fr\/\" target=\"_blank\" rel=\"noopener noreferrer\">Midi-Pyr\u00e9n\u00e9es<\/a>. <a title=\"Sanctuaires de Lourdes\" href=\"http:\/\/www.lourdes-france.com\/\" target=\"_blank\" rel=\"noopener noreferrer\">Centre de p\u00e8lerinage catholique<\/a> depuis les apparitions de Lourdes en 1858, la <a title=\"Ville de Lourdes\" href=\"http:\/\/www.lourdes.fr\" target=\"_blank\" rel=\"noopener noreferrer\">ville de Lourdes<\/a> accueille chaque ann\u00e9e 6 millions de p\u00e8lerins ou visiteurs venus du monde entier, dont environ 60 000 malades et invalides. C&rsquo;est le troisi\u00e8me lieu de p\u00e8lerinage catholique en fr\u00e9quentation apr\u00e8s le <a title=\"Vatican\" href=\"http:\/\/w2.vatican.va\/content\/vatican\/fr.html\" target=\"_blank\" rel=\"noopener noreferrer\">Vatican<\/a> et la basilique <a title=\"Guadalupe\" href=\"http:\/\/fr.wikipedia.org\/wiki\/Notre-Dame_de_Guadalupe\" target=\"_blank\" rel=\"noopener noreferrer\">Notre-Dame de Guadalupe de Mexico<\/a>.<br \/>\nLourdes est la cit\u00e9 mariale par excellence. Le site de Lourdes, au carrefour de plusieurs vall\u00e9es, surnomm\u00e9 le \u00ab verrou du Lavedan \u00bb, a en effet une histoire largement document\u00e9e, couvrant toutes les \u00e9poques du Pal\u00e9olithique \u00e0 nos jours, et dont la connaissance est essentielle \u00e0 celle de ce secteur pyr\u00e9n\u00e9en.<\/p>\n<p style=\"text-align: justify;\">Lourdes est \u00e9galement un lieu touristique majeur. Apr\u00e8s les Sanctuaires et la Grotte des apparitions, vous pourrez visiter le <a title=\"chateau fort de Lourdes\" href=\"http:\/\/www.lourdes-visite.com\/\" target=\"_blank\" rel=\"noopener noreferrer\">Ch\u00e2teau Fort<\/a>, <a title=\"Pic du jer Lourdes\" href=\"http:\/\/www.picdujer.fr\/\" target=\"_blank\" rel=\"noopener noreferrer\">Le Pic du Jer<\/a> et son funiculaire d&rsquo;o\u00f9 vous aurez une vue imprenable sur la chaine des Pyr\u00e9n\u00e9es. Mais c&rsquo;est \u00e9galement un point de d\u00e9part pour les sites prestigieux que sont le Pic du Midi, le Cirque de Gavarnie, Cauterets et le Parc National des Pyr\u00e9n\u00e9es<br \/>\nLe nouveau Lourdes est n\u00e9 avec les p\u00e8lerinages. Tant sur les plans religieux que soci\u00e9tal et \u00e9conomique, le sujet est majeur car le partenariat avec le Pays des Gaves offre des perspectives de d\u00e9veloppement touristique importantes<\/p>\n<\/div><\/section><\/div>\n","protected":false},"excerpt":{"rendered":"","protected":false},"author":2,"featured_media":0,"parent":0,"menu_order":2,"comment_status":"closed","ping_status":"closed","template":"","meta":{"footnotes":""},"yoast_head":"<!-- This site is optimized with the Yoast SEO plugin v22.8 - https:\/\/yoast.com\/wordpress\/plugins\/seo\/ -->\n<title>Chambres \u00e0 Lourdes h\u00f4tel Sainte-Suzanne 3 \u00e9toiles<\/title>\n<meta name=\"description\" content=\"h\u00f4tel Sainte Suzanne de 78 chambres \u00e0 Lourdes, 3 \u00e9toiles nouvelle classification \u00e0 l\u2019atmosph\u00e8re familiale vous offre un cadre moderne et chaleureux.\" \/>\n<meta name=\"robots\" content=\"index, follow, max-snippet:-1, max-image-preview:large, max-video-preview:-1\" \/>\n<link rel=\"canonical\" href=\"https:\/\/www.hotel-saintesuzanne-lourdes.com\/fr\/chambres-a-lourdes\/\" \/>\n<meta property=\"og:locale\" content=\"fr_FR\" \/>\n<meta property=\"og:type\" content=\"article\" \/>\n<meta property=\"og:title\" content=\"Chambres \u00e0 Lourdes h\u00f4tel Sainte-Suzanne 3 \u00e9toiles\" \/>\n<meta property=\"og:description\" content=\"h\u00f4tel Sainte Suzanne de 78 chambres \u00e0 Lourdes, 3 \u00e9toiles nouvelle classification \u00e0 l\u2019atmosph\u00e8re familiale vous offre un cadre moderne et chaleureux.\" \/>\n<meta property=\"og:url\" content=\"https:\/\/www.hotel-saintesuzanne-lourdes.com\/fr\/chambres-a-lourdes\/\" \/>\n<meta property=\"og:site_name\" content=\"Hotel Lourdes\" \/>\n<meta property=\"article:modified_time\" content=\"2026-04-01T10:11:26+00:00\" \/>\n<meta property=\"og:image\" content=\"http:\/\/www.hotel-saintesuzanne-lourdes.com\/fr\/wp-content\/uploads\/2015\/02\/equipements.gif\" \/>\n<meta name=\"twitter:label1\" content=\"Dur\u00e9e de lecture estim\u00e9e\" \/>\n\t<meta name=\"twitter:data1\" content=\"7 minutes\" \/>\n<script type=\"application\/ld+json\" class=\"yoast-schema-graph\">{\"@context\":\"https:\/\/schema.org\",\"@graph\":[{\"@type\":\"WebPage\",\"@id\":\"https:\/\/www.hotel-saintesuzanne-lourdes.com\/fr\/chambres-a-lourdes\/\",\"url\":\"https:\/\/www.hotel-saintesuzanne-lourdes.com\/fr\/chambres-a-lourdes\/\",\"name\":\"Chambres \u00e0 Lourdes h\u00f4tel Sainte-Suzanne 3 \u00e9toiles\",\"isPartOf\":{\"@id\":\"https:\/\/www.hotel-saintesuzanne-lourdes.com\/fr\/#website\"},\"primaryImageOfPage\":{\"@id\":\"https:\/\/www.hotel-saintesuzanne-lourdes.com\/fr\/chambres-a-lourdes\/#primaryimage\"},\"image\":{\"@id\":\"https:\/\/www.hotel-saintesuzanne-lourdes.com\/fr\/chambres-a-lourdes\/#primaryimage\"},\"thumbnailUrl\":\"http:\/\/www.hotel-saintesuzanne-lourdes.com\/fr\/wp-content\/uploads\/2015\/02\/equipements.gif\",\"datePublished\":\"2015-02-19T10:02:07+00:00\",\"dateModified\":\"2026-04-01T10:11:26+00:00\",\"description\":\"h\u00f4tel Sainte Suzanne de 78 chambres \u00e0 Lourdes, 3 \u00e9toiles nouvelle classification \u00e0 l\u2019atmosph\u00e8re familiale vous offre un cadre moderne et chaleureux.\",\"breadcrumb\":{\"@id\":\"https:\/\/www.hotel-saintesuzanne-lourdes.com\/fr\/chambres-a-lourdes\/#breadcrumb\"},\"inLanguage\":\"fr-FR\",\"potentialAction\":[{\"@type\":\"ReadAction\",\"target\":[\"https:\/\/www.hotel-saintesuzanne-lourdes.com\/fr\/chambres-a-lourdes\/\"]}]},{\"@type\":\"ImageObject\",\"inLanguage\":\"fr-FR\",\"@id\":\"https:\/\/www.hotel-saintesuzanne-lourdes.com\/fr\/chambres-a-lourdes\/#primaryimage\",\"url\":\"http:\/\/www.hotel-saintesuzanne-lourdes.com\/fr\/wp-content\/uploads\/2015\/02\/equipements.gif\",\"contentUrl\":\"http:\/\/www.hotel-saintesuzanne-lourdes.com\/fr\/wp-content\/uploads\/2015\/02\/equipements.gif\"},{\"@type\":\"BreadcrumbList\",\"@id\":\"https:\/\/www.hotel-saintesuzanne-lourdes.com\/fr\/chambres-a-lourdes\/#breadcrumb\",\"itemListElement\":[{\"@type\":\"ListItem\",\"position\":1,\"name\":\"Accueil\",\"item\":\"https:\/\/www.hotel-saintesuzanne-lourdes.com\/fr\/hotel-lourdes-3-etoiles-proche-sanctuaires-hotel-sainte-suzanne\/\"},{\"@type\":\"ListItem\",\"position\":2,\"name\":\"Chambres \u00e0 Lourdes h\u00f4tel Sainte-Suzanne\"}]},{\"@type\":\"WebSite\",\"@id\":\"https:\/\/www.hotel-saintesuzanne-lourdes.com\/fr\/#website\",\"url\":\"https:\/\/www.hotel-saintesuzanne-lourdes.com\/fr\/\",\"name\":\"Hotel Lourdes\",\"description\":\"Hotel Sainte Suzanne Lourdes\",\"potentialAction\":[{\"@type\":\"SearchAction\",\"target\":{\"@type\":\"EntryPoint\",\"urlTemplate\":\"https:\/\/www.hotel-saintesuzanne-lourdes.com\/fr\/?s={search_term_string}\"},\"query-input\":\"required name=search_term_string\"}],\"inLanguage\":\"fr-FR\"}]}<\/script>\n<!-- \/ Yoast SEO plugin. -->","yoast_head_json":{"title":"Chambres \u00e0 Lourdes h\u00f4tel Sainte-Suzanne 3 \u00e9toiles","description":"h\u00f4tel Sainte Suzanne de 78 chambres \u00e0 Lourdes, 3 \u00e9toiles nouvelle classification \u00e0 l\u2019atmosph\u00e8re familiale vous offre un cadre moderne et chaleureux.","robots":{"index":"index","follow":"follow","max-snippet":"max-snippet:-1","max-image-preview":"max-image-preview:large","max-video-preview":"max-video-preview:-1"},"canonical":"https:\/\/www.hotel-saintesuzanne-lourdes.com\/fr\/chambres-a-lourdes\/","og_locale":"fr_FR","og_type":"article","og_title":"Chambres \u00e0 Lourdes h\u00f4tel Sainte-Suzanne 3 \u00e9toiles","og_description":"h\u00f4tel Sainte Suzanne de 78 chambres \u00e0 Lourdes, 3 \u00e9toiles nouvelle classification \u00e0 l\u2019atmosph\u00e8re familiale vous offre un cadre moderne et chaleureux.","og_url":"https:\/\/www.hotel-saintesuzanne-lourdes.com\/fr\/chambres-a-lourdes\/","og_site_name":"Hotel Lourdes","article_modified_time":"2026-04-01T10:11:26+00:00","og_image":[{"url":"http:\/\/www.hotel-saintesuzanne-lourdes.com\/fr\/wp-content\/uploads\/2015\/02\/equipements.gif"}],"twitter_misc":{"Dur\u00e9e de lecture estim\u00e9e":"7 minutes"},"schema":{"@context":"https:\/\/schema.org","@graph":[{"@type":"WebPage","@id":"https:\/\/www.hotel-saintesuzanne-lourdes.com\/fr\/chambres-a-lourdes\/","url":"https:\/\/www.hotel-saintesuzanne-lourdes.com\/fr\/chambres-a-lourdes\/","name":"Chambres \u00e0 Lourdes h\u00f4tel Sainte-Suzanne 3 \u00e9toiles","isPartOf":{"@id":"https:\/\/www.hotel-saintesuzanne-lourdes.com\/fr\/#website"},"primaryImageOfPage":{"@id":"https:\/\/www.hotel-saintesuzanne-lourdes.com\/fr\/chambres-a-lourdes\/#primaryimage"},"image":{"@id":"https:\/\/www.hotel-saintesuzanne-lourdes.com\/fr\/chambres-a-lourdes\/#primaryimage"},"thumbnailUrl":"http:\/\/www.hotel-saintesuzanne-lourdes.com\/fr\/wp-content\/uploads\/2015\/02\/equipements.gif","datePublished":"2015-02-19T10:02:07+00:00","dateModified":"2026-04-01T10:11:26+00:00","description":"h\u00f4tel Sainte Suzanne de 78 chambres \u00e0 Lourdes, 3 \u00e9toiles nouvelle classification \u00e0 l\u2019atmosph\u00e8re familiale vous offre un cadre moderne et chaleureux.","breadcrumb":{"@id":"https:\/\/www.hotel-saintesuzanne-lourdes.com\/fr\/chambres-a-lourdes\/#breadcrumb"},"inLanguage":"fr-FR","potentialAction":[{"@type":"ReadAction","target":["https:\/\/www.hotel-saintesuzanne-lourdes.com\/fr\/chambres-a-lourdes\/"]}]},{"@type":"ImageObject","inLanguage":"fr-FR","@id":"https:\/\/www.hotel-saintesuzanne-lourdes.com\/fr\/chambres-a-lourdes\/#primaryimage","url":"http:\/\/www.hotel-saintesuzanne-lourdes.com\/fr\/wp-content\/uploads\/2015\/02\/equipements.gif","contentUrl":"http:\/\/www.hotel-saintesuzanne-lourdes.com\/fr\/wp-content\/uploads\/2015\/02\/equipements.gif"},{"@type":"BreadcrumbList","@id":"https:\/\/www.hotel-saintesuzanne-lourdes.com\/fr\/chambres-a-lourdes\/#breadcrumb","itemListElement":[{"@type":"ListItem","position":1,"name":"Accueil","item":"https:\/\/www.hotel-saintesuzanne-lourdes.com\/fr\/hotel-lourdes-3-etoiles-proche-sanctuaires-hotel-sainte-suzanne\/"},{"@type":"ListItem","position":2,"name":"Chambres \u00e0 Lourdes h\u00f4tel Sainte-Suzanne"}]},{"@type":"WebSite","@id":"https:\/\/www.hotel-saintesuzanne-lourdes.com\/fr\/#website","url":"https:\/\/www.hotel-saintesuzanne-lourdes.com\/fr\/","name":"Hotel Lourdes","description":"Hotel Sainte Suzanne Lourdes","potentialAction":[{"@type":"SearchAction","target":{"@type":"EntryPoint","urlTemplate":"https:\/\/www.hotel-saintesuzanne-lourdes.com\/fr\/?s={search_term_string}"},"query-input":"required name=search_term_string"}],"inLanguage":"fr-FR"}]}},"_links":{"self":[{"href":"https:\/\/www.hotel-saintesuzanne-lourdes.com\/fr\/wp-json\/wp\/v2\/pages\/12"}],"collection":[{"href":"https:\/\/www.hotel-saintesuzanne-lourdes.com\/fr\/wp-json\/wp\/v2\/pages"}],"about":[{"href":"https:\/\/www.hotel-saintesuzanne-lourdes.com\/fr\/wp-json\/wp\/v2\/types\/page"}],"author":[{"embeddable":true,"href":"https:\/\/www.hotel-saintesuzanne-lourdes.com\/fr\/wp-json\/wp\/v2\/users\/2"}],"replies":[{"embeddable":true,"href":"https:\/\/www.hotel-saintesuzanne-lourdes.com\/fr\/wp-json\/wp\/v2\/comments?post=12"}],"version-history":[{"count":88,"href":"https:\/\/www.hotel-saintesuzanne-lourdes.com\/fr\/wp-json\/wp\/v2\/pages\/12\/revisions"}],"predecessor-version":[{"id":659,"href":"https:\/\/www.hotel-saintesuzanne-lourdes.com\/fr\/wp-json\/wp\/v2\/pages\/12\/revisions\/659"}],"wp:attachment":[{"href":"https:\/\/www.hotel-saintesuzanne-lourdes.com\/fr\/wp-json\/wp\/v2\/media?parent=12"}],"curies":[{"name":"wp","href":"https:\/\/api.w.org\/{rel}","templated":true}]}}