{"id":10,"date":"2015-02-19T11:01:37","date_gmt":"2015-02-19T10:01:37","guid":{"rendered":"http:\/\/www.hotel-saintesuzanne-lourdes.com\/fr\/?page_id=10"},"modified":"2021-03-05T11:44:24","modified_gmt":"2021-03-05T10:44:24","slug":"restaurant-de-lhotel","status":"publish","type":"page","link":"https:\/\/www.hotel-saintesuzanne-lourdes.com\/fr\/restaurant-de-lhotel\/","title":{"rendered":"Restaurant de l&rsquo;h\u00f4tel Sainte-Suzanne Lourdes"},"content":{"rendered":"<section class=\"av_textblock_section \"  itemscope=\"itemscope\" itemtype=\"https:\/\/schema.org\/CreativeWork\" ><div class='avia_textblock  '   itemprop=\"text\" ><h2>RESTAURANT DE L\u2019H\u00d4TEL<\/h2>\n<\/div><\/section>\n<section class=\"av_textblock_section \"  itemscope=\"itemscope\" itemtype=\"https:\/\/schema.org\/CreativeWork\" ><div class='avia_textblock  '   itemprop=\"text\" ><p>Jean-Luc vous propose une <strong>cuisine fran\u00e7aise traditionnelle<\/strong> soign\u00e9e aux couleurs du terroir avec des produits soigneusement s\u00e9lectionn\u00e9s aupr\u00e8s des fournisseurs locaux. Vous pourrez vous d\u00e9contracter en prenant un verre au salon bar ou patienter en regardant la t\u00e9l\u00e9vision au salon TV avant de prendre votre repas dans le <strong>restaurant climatis\u00e9<\/strong> de 170 couverts, d\u00e9cor\u00e9 de belles photos sous cadres et go\u00fbter une cuisine traditionnelle soign\u00e9e.<\/p>\n<\/div><\/section>\n<div class=\"flex_column av_three_fifth  flex_column_div av-zero-column-padding first  avia-builder-el-2  el_after_av_textblock  el_before_av_two_fifth  column-top-margin\" style='border-radius:0px; '><p><div  class='avia-image-container  av-styling-    avia-builder-el-3  el_before_av_textblock  avia-builder-el-first  avia-align-center '  itemprop=\"image\" itemscope=\"itemscope\" itemtype=\"https:\/\/schema.org\/ImageObject\"  ><div class='avia-image-container-inner'><div class='avia-image-overlay-wrap'><img class='avia_image' src='https:\/\/www.hotel-saintesuzanne-lourdes.com\/fr\/wp-content\/uploads\/2021\/03\/restaurant-hotel-ste-suzanne-1.jpg' alt='restaurant-hotel-ste-suzanne' title='restaurant-hotel-ste-suzanne' height=\"395\" width=\"799\"  itemprop=\"thumbnailUrl\"  \/><\/div><\/div><\/div><br \/>\n<section class=\"av_textblock_section \"  itemscope=\"itemscope\" itemtype=\"https:\/\/schema.org\/CreativeWork\" ><div class='avia_textblock  '   itemprop=\"text\" ><p>Vous suivez un <strong>r\u00e9gime alimentaire sp\u00e9cifique<\/strong>, nous sommes \u00e0 votre \u00e9coute pour r\u00e9pondre \u00e0 vos demandes particuli\u00e8res concernant votre alimentation.<\/p>\n<\/div><\/section><br \/>\n<div  class='avia-image-container  av-styling-    avia-builder-el-5  el_after_av_textblock  avia-builder-el-last  avia-align-center '  itemprop=\"image\" itemscope=\"itemscope\" itemtype=\"https:\/\/schema.org\/ImageObject\"  ><div class='avia-image-container-inner'><div class='avia-image-overlay-wrap'><img class='avia_image' src='https:\/\/www.hotel-saintesuzanne-lourdes.com\/fr\/wp-content\/uploads\/2015\/02\/restaurant-lourdes.jpg' alt='restaurant hotel lourdes' title='restaurant hotel lourdes' height=\"300\" width=\"600\"  itemprop=\"thumbnailUrl\"  \/><\/div><\/div><\/div><\/p><\/div>\n<div class=\"flex_column av_two_fifth  flex_column_div av-zero-column-padding   avia-builder-el-6  el_after_av_three_fifth  el_before_av_hr  column-top-margin\" style='border-radius:0px; '><p><section class=\"av_textblock_section \"  itemscope=\"itemscope\" itemtype=\"https:\/\/schema.org\/CreativeWork\" ><div class='avia_textblock  '   itemprop=\"text\" ><p>Les gourmets et gourmands se r\u00e9galeront avec nos <strong>plats faits maison<\/strong>&#8230; quelques exemples : Cuisse de canette \u00e0 l\u2019orange, Croque \u2013monsieur b\u00e9arnais, Poulet sauce catalane, Daube sauce b\u00e9arnaise, Poisson sauce piquillos, Veau marengo, Navarrin printanier&#8230;<\/p>\n<p><img loading=\"lazy\" decoding=\"async\" class=\"aligncenter wp-image-562\" src=\"http:\/\/www.hotel-saintesuzanne-lourdes.com\/fr\/wp-content\/uploads\/2021\/03\/faitmaison.png\" alt=\"\" width=\"250\" height=\"251\" data-wp-editing=\"1\" srcset=\"https:\/\/www.hotel-saintesuzanne-lourdes.com\/fr\/wp-content\/uploads\/2021\/03\/faitmaison.png 450w, https:\/\/www.hotel-saintesuzanne-lourdes.com\/fr\/wp-content\/uploads\/2021\/03\/faitmaison-300x300.png 300w, https:\/\/www.hotel-saintesuzanne-lourdes.com\/fr\/wp-content\/uploads\/2021\/03\/faitmaison-80x80.png 80w, https:\/\/www.hotel-saintesuzanne-lourdes.com\/fr\/wp-content\/uploads\/2021\/03\/faitmaison-36x36.png 36w, https:\/\/www.hotel-saintesuzanne-lourdes.com\/fr\/wp-content\/uploads\/2021\/03\/faitmaison-180x180.png 180w\" sizes=\"(max-width: 250px) 100vw, 250px\" \/><\/p>\n<\/div><\/section><br \/>\n<section class=\"av_textblock_section \"  itemscope=\"itemscope\" itemtype=\"https:\/\/schema.org\/CreativeWork\" ><div class='avia_textblock  '   itemprop=\"text\" ><p>Les petits d\u00e9jeuners se prennent \u00e9galement dans la salle de restaurant.<\/p>\n<\/div><\/section><br \/>\n<div  class='avia-image-container  av-styling-    avia-builder-el-9  el_after_av_textblock  avia-builder-el-last  avia-align-center '  itemprop=\"image\" itemscope=\"itemscope\" itemtype=\"https:\/\/schema.org\/ImageObject\"  ><div class='avia-image-container-inner'><div class='avia-image-overlay-wrap'><img class='avia_image' src='https:\/\/www.hotel-saintesuzanne-lourdes.com\/fr\/wp-content\/uploads\/2015\/02\/petit-dej.jpg' alt='Petit d\u00e9jeuner' title='Petit d\u00e9jeuner' height=\"391\" width=\"280\"  itemprop=\"thumbnailUrl\"  \/><\/div><\/div><\/div><\/p><\/div><div  style='height:20px' class='hr hr-invisible   avia-builder-el-10  el_after_av_two_fifth  el_before_av_one_full '><span class='hr-inner ' ><span class='hr-inner-style'><\/span><\/span><\/div><\/p>\n<div class=\"flex_column av_one_full  flex_column_div av-zero-column-padding first  avia-builder-el-11  el_after_av_hr  el_before_av_section  avia-builder-el-last  \" style='border-radius:0px; '><section class=\"av_textblock_section \"  itemscope=\"itemscope\" itemtype=\"https:\/\/schema.org\/CreativeWork\" ><div class='avia_textblock  '   itemprop=\"text\" ><h2>Bar et salons<\/h2>\n<p style=\"text-align: justify;\">A votre disposition, 3 espaces accueillants o\u00f9 vous pourrez vous retrouver entre amis pour passer un agr\u00e9able moment autour d&rsquo;un verre, vous r\u00e9unir, partager &#8230;<\/p>\n<\/div><\/section><\/div>\n<\/div><\/div><\/div><!-- close content main div --><\/div><\/div><div id='av_section_1'  class='avia-section main_color avia-section-small avia-no-border-styling  avia-bg-style-scroll  avia-builder-el-13  el_after_av_one_full  el_before_av_section   container_wrap fullsize' style=' '  ><div class='container' ><div class='template-page content  av-content-full alpha units'><div class='post-entry post-entry-type-page post-entry-10'><div class='entry-content-wrapper clearfix'>\n<div class='flex_column_table av-equal-height-column-flextable -flextable' ><div class=\"flex_column av_two_fifth  flex_column_table_cell av-equal-height-column av-align-middle av-zero-column-padding first  avia-builder-el-14  el_before_av_one_fifth  avia-builder-el-first  \" style='border-radius:0px; '><div  class='avia-image-container  av-styling-    avia-builder-el-15  avia-builder-el-no-sibling  avia-align-center '  itemprop=\"image\" itemscope=\"itemscope\" itemtype=\"https:\/\/schema.org\/ImageObject\"  ><div class='avia-image-container-inner'><div class='avia-image-overlay-wrap'><img class='avia_image' src='https:\/\/www.hotel-saintesuzanne-lourdes.com\/fr\/wp-content\/uploads\/2021\/03\/salon-the-hotel-sainte-suzanne-1.jpg' alt='salon bar hotel sainte suzanne' title='salon bar hotel sainte suzanne' height=\"430\" width=\"800\"  itemprop=\"thumbnailUrl\"  \/><\/div><\/div><\/div><\/div><div class='av-flex-placeholder'><\/div><div class=\"flex_column av_one_fifth  flex_column_table_cell av-equal-height-column av-align-middle av-zero-column-padding   avia-builder-el-16  el_after_av_two_fifth  el_before_av_two_fifth  \" style='border-radius:0px; '><section class=\"av_textblock_section \"  itemscope=\"itemscope\" itemtype=\"https:\/\/schema.org\/CreativeWork\" ><div class='avia_textblock  '   itemprop=\"text\" ><h4 style=\"text-align: center;\"><strong>Le salon bar <\/strong><\/h4>\n<p style=\"text-align: center;\">avec son canap\u00e9 d\u2019angle et ses fauteuils confortables et color\u00e9s.<\/p>\n<\/div><\/section><\/div><div class='av-flex-placeholder'><\/div><div class=\"flex_column av_two_fifth  flex_column_table_cell av-equal-height-column av-align-middle av-zero-column-padding   avia-builder-el-18  el_after_av_one_fifth  avia-builder-el-last  \" style='border-radius:0px; '><div  class='avia-image-container  av-styling-    avia-builder-el-19  avia-builder-el-no-sibling  avia-align-center '  itemprop=\"image\" itemscope=\"itemscope\" itemtype=\"https:\/\/schema.org\/ImageObject\"  ><div class='avia-image-container-inner'><div class='avia-image-overlay-wrap'><img class='avia_image' src='https:\/\/www.hotel-saintesuzanne-lourdes.com\/fr\/wp-content\/uploads\/2021\/03\/salon-bar-hotel-sainte-suzanne.jpg' alt='salon bar hotel sainte suzanne' title='salon bar hotel sainte suzanne' height=\"430\" width=\"800\"  itemprop=\"thumbnailUrl\"  \/><\/div><\/div><\/div><\/div><\/div><!--close column table wrapper. Autoclose: 1 -->\n\n<\/div><\/div><\/div><!-- close content main div --><\/div><\/div><div id='av_section_2'  class='avia-section main_color avia-section-small avia-no-border-styling  avia-bg-style-scroll  avia-builder-el-20  el_after_av_section  el_before_av_section   container_wrap fullsize' style=' '  ><div class='container' ><div class='template-page content  av-content-full alpha units'><div class='post-entry post-entry-type-page post-entry-10'><div class='entry-content-wrapper clearfix'>\n<div class='flex_column_table av-equal-height-column-flextable -flextable' ><div class=\"flex_column av_one_fifth  flex_column_table_cell av-equal-height-column av-align-middle av-zero-column-padding first  avia-builder-el-21  el_before_av_two_fifth  avia-builder-el-first  \" style='border-radius:0px; '><section class=\"av_textblock_section \"  itemscope=\"itemscope\" itemtype=\"https:\/\/schema.org\/CreativeWork\" ><div class='avia_textblock  '   itemprop=\"text\" ><h4 style=\"text-align: center;\"><strong>Le salon t\u00e9l\u00e9vision <\/strong><\/h4>\n<p style=\"text-align: center;\">(avec chaines satellite) avec ses canap\u00e9s douillets o\u00f9 vous pourrez vous adonner \u00e0 la lecture de magazines.<\/p>\n<\/div><\/section><\/div><div class='av-flex-placeholder'><\/div><div class=\"flex_column av_two_fifth  flex_column_table_cell av-equal-height-column av-align-middle av-zero-column-padding   avia-builder-el-23  el_after_av_one_fifth  el_before_av_two_fifth  \" style='border-radius:0px; '><div  class='avia-image-container  av-styling-    avia-builder-el-24  avia-builder-el-no-sibling  avia-align-center '  itemprop=\"image\" itemscope=\"itemscope\" itemtype=\"https:\/\/schema.org\/ImageObject\"  ><div class='avia-image-container-inner'><div class='avia-image-overlay-wrap'><img class='avia_image' src='https:\/\/www.hotel-saintesuzanne-lourdes.com\/fr\/wp-content\/uploads\/2021\/03\/salon-tv-hotel-sainte-suzanne-lourdes.jpg' alt='salon tv hotel sainte suzanne lourdes' title='salon tv hotel sainte suzanne lourdes' height=\"533\" width=\"800\"  itemprop=\"thumbnailUrl\"  \/><\/div><\/div><\/div><\/div><div class='av-flex-placeholder'><\/div><div class=\"flex_column av_two_fifth  flex_column_table_cell av-equal-height-column av-align-middle av-zero-column-padding   avia-builder-el-25  el_after_av_two_fifth  avia-builder-el-last  \" style='border-radius:0px; '><div  class='avia-image-container  av-styling-    avia-builder-el-26  avia-builder-el-no-sibling  avia-align-center '  itemprop=\"image\" itemscope=\"itemscope\" itemtype=\"https:\/\/schema.org\/ImageObject\"  ><div class='avia-image-container-inner'><div class='avia-image-overlay-wrap'><img class='avia_image' src='https:\/\/www.hotel-saintesuzanne-lourdes.com\/fr\/wp-content\/uploads\/2021\/03\/salon-TV-hotel-ste-suzanne-lourdes-1.jpg' alt='salon TV hotel ste suzanne lourdes' title='salon TV hotel ste suzanne lourdes' height=\"533\" width=\"800\"  itemprop=\"thumbnailUrl\"  \/><\/div><\/div><\/div><\/div><\/div><!--close column table wrapper. Autoclose: 1 -->\n\n<\/div><\/div><\/div><!-- close content main div --><\/div><\/div><div id='av_section_3'  class='avia-section main_color avia-section-small avia-no-border-styling  avia-bg-style-scroll  avia-builder-el-27  el_after_av_section  el_before_av_textblock   container_wrap fullsize' style=' '  ><div class='container' ><div class='template-page content  av-content-full alpha units'><div class='post-entry post-entry-type-page post-entry-10'><div class='entry-content-wrapper clearfix'>\n<div class='flex_column_table av-equal-height-column-flextable -flextable' ><div class=\"flex_column av_one_fifth  flex_column_table_cell av-equal-height-column av-align-middle av-zero-column-padding first  avia-builder-el-28  el_before_av_two_fifth  avia-builder-el-first  \" style='border-radius:0px; '><section class=\"av_textblock_section \"  itemscope=\"itemscope\" itemtype=\"https:\/\/schema.org\/CreativeWork\" ><div class='avia_textblock  '   itemprop=\"text\" ><h4 style=\"text-align: center;\">Salle de r\u00e9union<\/h4>\n<p style=\"text-align: center;\">gratuite pour les clients de l&rsquo;h\u00f4tel.<\/p>\n<p style=\"text-align: center;\">Le salon du bas, enti\u00e8rement r\u00e9nov\u00e9 en 2015 pour passer un moment au calme.<\/p>\n<\/div><\/section><br \/>\n<section class=\"av_textblock_section \"  itemscope=\"itemscope\" itemtype=\"https:\/\/schema.org\/CreativeWork\" ><div class='avia_textblock  '   itemprop=\"text\" ><h4 style=\"text-align: center;\">Le salon d&rsquo;accueil<\/h4>\n<p style=\"text-align: center;\">\u00e0 la r\u00e9ception<\/p>\n<\/div><\/section><\/p><\/div><div class='av-flex-placeholder'><\/div><div class=\"flex_column av_two_fifth  flex_column_table_cell av-equal-height-column av-align-middle av-zero-column-padding   avia-builder-el-31  el_after_av_one_fifth  el_before_av_two_fifth  \" style='border-radius:0px; '><div  class='avia-image-container  av-styling-    avia-builder-el-32  avia-builder-el-no-sibling  avia-align-center '  itemprop=\"image\" itemscope=\"itemscope\" itemtype=\"https:\/\/schema.org\/ImageObject\"  ><div class='avia-image-container-inner'><div class='avia-image-overlay-wrap'><img class='avia_image' src='https:\/\/www.hotel-saintesuzanne-lourdes.com\/fr\/wp-content\/uploads\/2021\/03\/salle-de-reunion-hotel-sainte-suzanne.jpg' alt='salle de reunion hotel sainte suzanne' title='salle de reunion hotel sainte suzanne' height=\"533\" width=\"800\"  itemprop=\"thumbnailUrl\"  \/><\/div><\/div><\/div><\/div><div class='av-flex-placeholder'><\/div><div class=\"flex_column av_two_fifth  flex_column_table_cell av-equal-height-column av-align-middle av-zero-column-padding   avia-builder-el-33  el_after_av_two_fifth  avia-builder-el-last  \" style='border-radius:0px; '><div  class='avia-image-container  av-styling-    avia-builder-el-34  avia-builder-el-no-sibling  avia-align-center '  itemprop=\"image\" itemscope=\"itemscope\" itemtype=\"https:\/\/schema.org\/ImageObject\"  ><div class='avia-image-container-inner'><div class='avia-image-overlay-wrap'><img class='avia_image' src='https:\/\/www.hotel-saintesuzanne-lourdes.com\/fr\/wp-content\/uploads\/2021\/03\/accueil-hotel-sainte-suzanne-lourdes.jpg' alt='accueil hotel sainte suzanne lourdes' title='accueil hotel sainte suzanne lourdes' height=\"533\" width=\"800\"  itemprop=\"thumbnailUrl\"  \/><\/div><\/div><\/div><\/div><\/div><!--close column table wrapper. Autoclose: 1 -->\n<\/div><\/div><\/div><!-- close content main div --><\/div><\/div><div id='after_section_3'  class='main_color av_default_container_wrap container_wrap fullsize' style=' '  ><div class='container' ><div class='template-page content  av-content-full alpha units'><div class='post-entry post-entry-type-page post-entry-10'><div class='entry-content-wrapper clearfix'>\n<section class=\"av_textblock_section \"  itemscope=\"itemscope\" itemtype=\"https:\/\/schema.org\/CreativeWork\" ><div class='avia_textblock  '   itemprop=\"text\" ><h3>Pourquoi s\u00e9journer \u00e0 l&rsquo;h\u00f4tel Sainte-Suzanne \u00e0 Lourdes<\/h3>\n<p style=\"text-align: justify;\"><a title=\"Sanctuaires de Lourdes\" href=\"http:\/\/www.lourdes-france.com\/\" target=\"_blank\" rel=\"noopener noreferrer\">Lourdes<\/a> est un centre de p\u00e8lerinage international depuis les apparitions de la Vierge Marie. Elle accueille chaque ann\u00e9e plus de 6 millions de p\u00e8lerins venus du monde entier, dont environ 60 000 malades. Lourdes est aussi class\u00e9e comme 2\u00e8me ville h\u00f4teli\u00e8re en France.<br \/>\nLourdes, aux portes de la vall\u00e9e des Gaves, se situe dans les <a title=\"Tourisme Hautes-Pyr\u00e9n\u00e9es\" href=\"http:\/\/www.tourisme-hautes-pyrenees.com\/\" target=\"_blank\" rel=\"noopener noreferrer\">Hautes-Pyr\u00e9n\u00e9es<\/a> (r\u00e9gion Midi-Pyr\u00e9n\u00e9es). Vous pourrez visiter le <a title=\"chateau fort de Lourdes\" href=\"http:\/\/www.lourdes-visite.com\/\" target=\"_blank\" rel=\"noopener noreferrer\">Ch\u00e2teau Fort<\/a>, Le <a title=\"Pic du jer Lourdes\" href=\"http:\/\/www.picdujer.fr\/\" target=\"_blank\" rel=\"noopener noreferrer\">Pic du Jer<\/a> et son funiculaire qui offre une vue imprenable sur les Pyr\u00e9n\u00e9es. Mais c\u2019est \u00e9galement un point de d\u00e9part pour les sites prestigieux que sont le <a title=\"Pic du Midi\" href=\"http:\/\/www.picdumidi.com\/\" target=\"_blank\" rel=\"noopener noreferrer\">Pic du Midi<\/a>, le Cirque de Gavarnie, Cauterets et le Pont d\u2019Espagne ainsi que le Parc National des Pyr\u00e9n\u00e9es.<\/p>\n<\/div><\/section>\n","protected":false},"excerpt":{"rendered":"","protected":false},"author":2,"featured_media":0,"parent":0,"menu_order":3,"comment_status":"closed","ping_status":"closed","template":"","meta":{"footnotes":""},"yoast_head":"<!-- This site is optimized with the Yoast SEO plugin v22.8 - https:\/\/yoast.com\/wordpress\/plugins\/seo\/ -->\n<title>Restaurant de l&#039;h\u00f4tel Sainte-Suzanne Lourdes<\/title>\n<meta name=\"description\" content=\"Le Restaurant de l&#039;h\u00f4tel Sainte Suzanne \u00e0 Lourdes vous propose une cuisine fran\u00e7aise traditionnelle soign\u00e9e avec des produits soigneusement s\u00e9lectionn\u00e9s.\" \/>\n<meta name=\"robots\" content=\"index, follow, max-snippet:-1, max-image-preview:large, max-video-preview:-1\" \/>\n<link rel=\"canonical\" href=\"https:\/\/www.hotel-saintesuzanne-lourdes.com\/fr\/restaurant-de-lhotel\/\" \/>\n<meta property=\"og:locale\" content=\"fr_FR\" \/>\n<meta property=\"og:type\" content=\"article\" \/>\n<meta property=\"og:title\" content=\"Restaurant de l&#039;h\u00f4tel Sainte-Suzanne Lourdes\" \/>\n<meta property=\"og:description\" content=\"Le Restaurant de l&#039;h\u00f4tel Sainte Suzanne \u00e0 Lourdes vous propose une cuisine fran\u00e7aise traditionnelle soign\u00e9e avec des produits soigneusement s\u00e9lectionn\u00e9s.\" \/>\n<meta property=\"og:url\" content=\"https:\/\/www.hotel-saintesuzanne-lourdes.com\/fr\/restaurant-de-lhotel\/\" \/>\n<meta property=\"og:site_name\" content=\"Hotel Lourdes\" \/>\n<meta property=\"article:modified_time\" content=\"2021-03-05T10:44:24+00:00\" \/>\n<meta property=\"og:image\" content=\"http:\/\/www.hotel-saintesuzanne-lourdes.com\/fr\/wp-content\/uploads\/2021\/03\/faitmaison.png\" \/>\n<meta name=\"twitter:label1\" content=\"Dur\u00e9e de lecture estim\u00e9e\" \/>\n\t<meta name=\"twitter:data1\" content=\"17 minutes\" \/>\n<script type=\"application\/ld+json\" class=\"yoast-schema-graph\">{\"@context\":\"https:\/\/schema.org\",\"@graph\":[{\"@type\":\"WebPage\",\"@id\":\"https:\/\/www.hotel-saintesuzanne-lourdes.com\/fr\/restaurant-de-lhotel\/\",\"url\":\"https:\/\/www.hotel-saintesuzanne-lourdes.com\/fr\/restaurant-de-lhotel\/\",\"name\":\"Restaurant de l'h\u00f4tel Sainte-Suzanne Lourdes\",\"isPartOf\":{\"@id\":\"https:\/\/www.hotel-saintesuzanne-lourdes.com\/fr\/#website\"},\"primaryImageOfPage\":{\"@id\":\"https:\/\/www.hotel-saintesuzanne-lourdes.com\/fr\/restaurant-de-lhotel\/#primaryimage\"},\"image\":{\"@id\":\"https:\/\/www.hotel-saintesuzanne-lourdes.com\/fr\/restaurant-de-lhotel\/#primaryimage\"},\"thumbnailUrl\":\"http:\/\/www.hotel-saintesuzanne-lourdes.com\/fr\/wp-content\/uploads\/2021\/03\/faitmaison.png\",\"datePublished\":\"2015-02-19T10:01:37+00:00\",\"dateModified\":\"2021-03-05T10:44:24+00:00\",\"description\":\"Le Restaurant de l'h\u00f4tel Sainte Suzanne \u00e0 Lourdes vous propose une cuisine fran\u00e7aise traditionnelle soign\u00e9e avec des produits soigneusement s\u00e9lectionn\u00e9s.\",\"breadcrumb\":{\"@id\":\"https:\/\/www.hotel-saintesuzanne-lourdes.com\/fr\/restaurant-de-lhotel\/#breadcrumb\"},\"inLanguage\":\"fr-FR\",\"potentialAction\":[{\"@type\":\"ReadAction\",\"target\":[\"https:\/\/www.hotel-saintesuzanne-lourdes.com\/fr\/restaurant-de-lhotel\/\"]}]},{\"@type\":\"ImageObject\",\"inLanguage\":\"fr-FR\",\"@id\":\"https:\/\/www.hotel-saintesuzanne-lourdes.com\/fr\/restaurant-de-lhotel\/#primaryimage\",\"url\":\"http:\/\/www.hotel-saintesuzanne-lourdes.com\/fr\/wp-content\/uploads\/2021\/03\/faitmaison.png\",\"contentUrl\":\"http:\/\/www.hotel-saintesuzanne-lourdes.com\/fr\/wp-content\/uploads\/2021\/03\/faitmaison.png\"},{\"@type\":\"BreadcrumbList\",\"@id\":\"https:\/\/www.hotel-saintesuzanne-lourdes.com\/fr\/restaurant-de-lhotel\/#breadcrumb\",\"itemListElement\":[{\"@type\":\"ListItem\",\"position\":1,\"name\":\"Accueil\",\"item\":\"https:\/\/www.hotel-saintesuzanne-lourdes.com\/fr\/hotel-lourdes-3-etoiles-proche-sanctuaires-hotel-sainte-suzanne\/\"},{\"@type\":\"ListItem\",\"position\":2,\"name\":\"Restaurant de l&rsquo;h\u00f4tel Sainte-Suzanne Lourdes\"}]},{\"@type\":\"WebSite\",\"@id\":\"https:\/\/www.hotel-saintesuzanne-lourdes.com\/fr\/#website\",\"url\":\"https:\/\/www.hotel-saintesuzanne-lourdes.com\/fr\/\",\"name\":\"Hotel Lourdes\",\"description\":\"Hotel Sainte Suzanne Lourdes\",\"potentialAction\":[{\"@type\":\"SearchAction\",\"target\":{\"@type\":\"EntryPoint\",\"urlTemplate\":\"https:\/\/www.hotel-saintesuzanne-lourdes.com\/fr\/?s={search_term_string}\"},\"query-input\":\"required name=search_term_string\"}],\"inLanguage\":\"fr-FR\"}]}<\/script>\n<!-- \/ Yoast SEO plugin. -->","yoast_head_json":{"title":"Restaurant de l'h\u00f4tel Sainte-Suzanne Lourdes","description":"Le Restaurant de l'h\u00f4tel Sainte Suzanne \u00e0 Lourdes vous propose une cuisine fran\u00e7aise traditionnelle soign\u00e9e avec des produits soigneusement s\u00e9lectionn\u00e9s.","robots":{"index":"index","follow":"follow","max-snippet":"max-snippet:-1","max-image-preview":"max-image-preview:large","max-video-preview":"max-video-preview:-1"},"canonical":"https:\/\/www.hotel-saintesuzanne-lourdes.com\/fr\/restaurant-de-lhotel\/","og_locale":"fr_FR","og_type":"article","og_title":"Restaurant de l'h\u00f4tel Sainte-Suzanne Lourdes","og_description":"Le Restaurant de l'h\u00f4tel Sainte Suzanne \u00e0 Lourdes vous propose une cuisine fran\u00e7aise traditionnelle soign\u00e9e avec des produits soigneusement s\u00e9lectionn\u00e9s.","og_url":"https:\/\/www.hotel-saintesuzanne-lourdes.com\/fr\/restaurant-de-lhotel\/","og_site_name":"Hotel Lourdes","article_modified_time":"2021-03-05T10:44:24+00:00","og_image":[{"url":"http:\/\/www.hotel-saintesuzanne-lourdes.com\/fr\/wp-content\/uploads\/2021\/03\/faitmaison.png"}],"twitter_misc":{"Dur\u00e9e de lecture estim\u00e9e":"17 minutes"},"schema":{"@context":"https:\/\/schema.org","@graph":[{"@type":"WebPage","@id":"https:\/\/www.hotel-saintesuzanne-lourdes.com\/fr\/restaurant-de-lhotel\/","url":"https:\/\/www.hotel-saintesuzanne-lourdes.com\/fr\/restaurant-de-lhotel\/","name":"Restaurant de l'h\u00f4tel Sainte-Suzanne Lourdes","isPartOf":{"@id":"https:\/\/www.hotel-saintesuzanne-lourdes.com\/fr\/#website"},"primaryImageOfPage":{"@id":"https:\/\/www.hotel-saintesuzanne-lourdes.com\/fr\/restaurant-de-lhotel\/#primaryimage"},"image":{"@id":"https:\/\/www.hotel-saintesuzanne-lourdes.com\/fr\/restaurant-de-lhotel\/#primaryimage"},"thumbnailUrl":"http:\/\/www.hotel-saintesuzanne-lourdes.com\/fr\/wp-content\/uploads\/2021\/03\/faitmaison.png","datePublished":"2015-02-19T10:01:37+00:00","dateModified":"2021-03-05T10:44:24+00:00","description":"Le Restaurant de l'h\u00f4tel Sainte Suzanne \u00e0 Lourdes vous propose une cuisine fran\u00e7aise traditionnelle soign\u00e9e avec des produits soigneusement s\u00e9lectionn\u00e9s.","breadcrumb":{"@id":"https:\/\/www.hotel-saintesuzanne-lourdes.com\/fr\/restaurant-de-lhotel\/#breadcrumb"},"inLanguage":"fr-FR","potentialAction":[{"@type":"ReadAction","target":["https:\/\/www.hotel-saintesuzanne-lourdes.com\/fr\/restaurant-de-lhotel\/"]}]},{"@type":"ImageObject","inLanguage":"fr-FR","@id":"https:\/\/www.hotel-saintesuzanne-lourdes.com\/fr\/restaurant-de-lhotel\/#primaryimage","url":"http:\/\/www.hotel-saintesuzanne-lourdes.com\/fr\/wp-content\/uploads\/2021\/03\/faitmaison.png","contentUrl":"http:\/\/www.hotel-saintesuzanne-lourdes.com\/fr\/wp-content\/uploads\/2021\/03\/faitmaison.png"},{"@type":"BreadcrumbList","@id":"https:\/\/www.hotel-saintesuzanne-lourdes.com\/fr\/restaurant-de-lhotel\/#breadcrumb","itemListElement":[{"@type":"ListItem","position":1,"name":"Accueil","item":"https:\/\/www.hotel-saintesuzanne-lourdes.com\/fr\/hotel-lourdes-3-etoiles-proche-sanctuaires-hotel-sainte-suzanne\/"},{"@type":"ListItem","position":2,"name":"Restaurant de l&rsquo;h\u00f4tel Sainte-Suzanne Lourdes"}]},{"@type":"WebSite","@id":"https:\/\/www.hotel-saintesuzanne-lourdes.com\/fr\/#website","url":"https:\/\/www.hotel-saintesuzanne-lourdes.com\/fr\/","name":"Hotel Lourdes","description":"Hotel Sainte Suzanne Lourdes","potentialAction":[{"@type":"SearchAction","target":{"@type":"EntryPoint","urlTemplate":"https:\/\/www.hotel-saintesuzanne-lourdes.com\/fr\/?s={search_term_string}"},"query-input":"required name=search_term_string"}],"inLanguage":"fr-FR"}]}},"_links":{"self":[{"href":"https:\/\/www.hotel-saintesuzanne-lourdes.com\/fr\/wp-json\/wp\/v2\/pages\/10"}],"collection":[{"href":"https:\/\/www.hotel-saintesuzanne-lourdes.com\/fr\/wp-json\/wp\/v2\/pages"}],"about":[{"href":"https:\/\/www.hotel-saintesuzanne-lourdes.com\/fr\/wp-json\/wp\/v2\/types\/page"}],"author":[{"embeddable":true,"href":"https:\/\/www.hotel-saintesuzanne-lourdes.com\/fr\/wp-json\/wp\/v2\/users\/2"}],"replies":[{"embeddable":true,"href":"https:\/\/www.hotel-saintesuzanne-lourdes.com\/fr\/wp-json\/wp\/v2\/comments?post=10"}],"version-history":[{"count":55,"href":"https:\/\/www.hotel-saintesuzanne-lourdes.com\/fr\/wp-json\/wp\/v2\/pages\/10\/revisions"}],"predecessor-version":[{"id":566,"href":"https:\/\/www.hotel-saintesuzanne-lourdes.com\/fr\/wp-json\/wp\/v2\/pages\/10\/revisions\/566"}],"wp:attachment":[{"href":"https:\/\/www.hotel-saintesuzanne-lourdes.com\/fr\/wp-json\/wp\/v2\/media?parent=10"}],"curies":[{"name":"wp","href":"https:\/\/api.w.org\/{rel}","templated":true}]}}